{"id":102,"date":"2016-06-08T15:16:40","date_gmt":"2016-06-08T14:16:40","guid":{"rendered":"http:\/\/vps231942.ovh.net\/?page_id=102"},"modified":"2021-04-12T21:59:52","modified_gmt":"2021-04-12T20:59:52","slug":"le-projet","status":"publish","type":"page","link":"http:\/\/neihb.fr\/wordpress\/le-projet\/","title":{"rendered":"Un projet aberrant"},"content":{"rendered":"<hr \/>\n<p style=\"text-align: justify;\">Le projet a \u00e9t\u00e9 initialis\u00e9 en 2012 par la CNR (Compagnie Nationale du Rh\u00f4ne) qui, apr\u00e8s avoir essuy\u00e9 <strong>plusieurs refus<\/strong> aupr\u00e8s de diff\u00e9rentes communes du canton, a obtenu des maires de Saint-Bonnet-des-Bruy\u00e8res et de Saint-Igny-de-Vers, l\u2019accord pour lancer <strong>une \u00e9tude de faisabilit\u00e9<\/strong> en vue de l&#8217;installation et l&#8217;exploitation <strong>d&#8217;une \u00e9olienne<\/strong> \u00e0 travers une convention qui ne leur laisse aucune possibilit\u00e9 de faire machine arri\u00e8re.<\/p>\n<p style=\"text-align: justify;\">Le projet s&#8217;est ensuite \u00e9tendu \u00e0 6 voire 7 \u00e9oliennes de plus de 150m sur les sites de Mongelu, Grand Bois et Champ Bayon.<\/p>\n<p style=\"text-align: justify;\"><img decoding=\"async\" loading=\"lazy\" class=\"aligncenter wp-image-1502 \" src=\"http:\/\/neihb.fr\/wp-content\/uploads\/2016\/06\/Implantations_r.png\" alt=\"implantations_r\" width=\"500\" height=\"354\" srcset=\"http:\/\/neihb.fr\/wp-content\/uploads\/2016\/06\/Implantations_r.png 448w, http:\/\/neihb.fr\/wp-content\/uploads\/2016\/06\/Implantations_r-300x212.png 300w, http:\/\/neihb.fr\/wp-content\/uploads\/2016\/06\/Implantations_r-212x150.png 212w, http:\/\/neihb.fr\/wp-content\/uploads\/2016\/06\/Implantations_r-150x106.png 150w\" sizes=\"(max-width: 500px) 100vw, 500px\" \/><\/p>\n<p style=\"text-align: justify;\">Dans la derni\u00e8re version en date, le projet a \u00e9t\u00e9 ramen\u00e9 \u00e0 <strong>3 \u00e9oliennes sur le seul site de Champ Bayon<\/strong> (ellipse bleue) mais celles-ci s\u2019\u00e9l\u00e8vent \u00e0 <strong>186m en bout de pale<\/strong> (<strong>10e plus haut \u00e9difice national<\/strong>, 20m plus hautes que la tour de la Part-Dieu, 6 fois la hauteur du clocher de Saint Bonnet).<\/p>\n<p style=\"text-align: justify;\"><img decoding=\"async\" loading=\"lazy\" class=\"aligncenter wp-image-1503 \" src=\"http:\/\/neihb.fr\/wp-content\/uploads\/2016\/06\/Taille_r.png\" alt=\"taille_r\" width=\"500\" height=\"329\" srcset=\"http:\/\/neihb.fr\/wp-content\/uploads\/2016\/06\/Taille_r.png 448w, http:\/\/neihb.fr\/wp-content\/uploads\/2016\/06\/Taille_r-300x198.png 300w, http:\/\/neihb.fr\/wp-content\/uploads\/2016\/06\/Taille_r-228x150.png 228w, http:\/\/neihb.fr\/wp-content\/uploads\/2016\/06\/Taille_r-150x99.png 150w\" sizes=\"(max-width: 500px) 100vw, 500px\" \/><\/p>\n<p style=\"text-align: justify;\">Pour donner une id\u00e9e encore plus concr\u00e8te du rapport de taille, nous avons r\u00e9alis\u00e9 cette <strong>maquette au 1\/100e<\/strong> de l&#8217;\u00e9olienne et de\u00a0son\u00a0environnement, sans minimiser la taille des arbres.<\/p>\n<p style=\"text-align: justify;\">\n<p style=\"text-align: justify;\"><img decoding=\"async\" loading=\"lazy\" class=\"aligncenter wp-image-2022\" src=\"http:\/\/neihb.fr\/wp-content\/uploads\/2021\/04\/Maquette-\u00e9olienne_r2-163x300.jpg\" alt=\"\" width=\"190\" height=\"350\" srcset=\"http:\/\/neihb.fr\/wp-content\/uploads\/2021\/04\/Maquette-\u00e9olienne_r2-163x300.jpg 163w, http:\/\/neihb.fr\/wp-content\/uploads\/2021\/04\/Maquette-\u00e9olienne_r2-82x150.jpg 82w, http:\/\/neihb.fr\/wp-content\/uploads\/2021\/04\/Maquette-\u00e9olienne_r2.jpg 348w\" sizes=\"(max-width: 190px) 100vw, 190px\" \/><\/p>\n<p style=\"text-align: justify;\">D&#8217;apr\u00e8s la CNR, ce projet permettrait d&#8217;alimenter <strong>7000 foyers<\/strong> en \u00e9lectricit\u00e9 mais cela <strong>ne comprend ni le\u00a0chauffage<\/strong> (62% de la consommation &#8211; chiffres EDF 23\/08\/2016), <strong>ni ce qui est est n\u00e9cessaire \u00e0 un foyer pour vivre<\/strong> (\u00e9clairage public, transports, commerces, h\u00f4pitaux, \u00e9coles, cr\u00e8ches, &#8230;).<\/p>\n<p style=\"text-align: justify;\">Si on consid\u00e8re que <strong>chaque\u00a0fran\u00e7ais<\/strong> a\u00a0consomm\u00e9 en moyenne <strong>7.216 kWh<\/strong> en 2015, selon la Banque Mondiale, et qu&#8217;une \u00e9olienne de <strong>3 MW<\/strong>\u00a0fournirait de l&#8217;ordre de\u00a0<strong>4.000 MWh \/ an<\/strong>\u00a0avec un gisement \u00e9olien de <strong>285 W\/m\u00b2<\/strong> et un rendement optimiste de <strong>20%<\/strong>, ce ne sont,\u00a0en r\u00e9alit\u00e9,\u00a0que <strong>550\u00a0personnes<\/strong>\u00a0qui pourraient en b\u00e9n\u00e9ficier.<br \/>\nAvec <strong>2,3 personnes par foyer<\/strong> en moyenne (chiffres INSEE), ce ne sont donc que <strong>240 foyers<\/strong> qui seraient concern\u00e9s et, avec <strong>3 \u00e9oliennes<\/strong>, on atteindrait <strong>720\u00a0foyers<\/strong>, loin du chiffre fantaisiste donn\u00e9 par le promoteur.<strong>\u00a0Tout \u00e7a pour \u00e7a !&#8230;<\/strong><\/p>\n<p style=\"text-align: justify;\"><strong>Demain, trois \u00e9oliennes et apr\u00e8s-demain, combien d&#8217;autres suivront ?<\/strong><br \/>\n<strong>Prenons garde, ce n&#8217;est pas parce que des \u00e9oliennes seront install\u00e9es \u00e0 Saint Bonnet et Saint Igny que les villages alentour seront \u00e0 l&#8217;abri de l&#8217;app\u00e9tit des promoteurs.<\/strong><\/p>\n","protected":false},"excerpt":{"rendered":"<p>Le projet a \u00e9t\u00e9 initialis\u00e9 en 2012 par la CNR (Compagnie Nationale du Rh\u00f4ne) qui, apr\u00e8s avoir essuy\u00e9 plusieurs refus aupr\u00e8s de diff\u00e9rentes communes du canton, a obtenu des maires de Saint-Bonnet-des-Bruy\u00e8res et de Saint-Igny-de-Vers, l\u2019accord pour lancer une \u00e9tude de faisabilit\u00e9 en vue de l&#8217;installation et l&#8217;exploitation d&#8217;une \u00e9olienne\u2026<\/p>\n<p> <a class=\"continue-reading-link\" href=\"http:\/\/neihb.fr\/wordpress\/le-projet\/\"><span>Continue reading<\/span><i class=\"crycon-right-dir\"><\/i><\/a> <\/p>\n","protected":false},"author":1,"featured_media":0,"parent":0,"menu_order":0,"comment_status":"closed","ping_status":"closed","template":"","meta":[],"_links":{"self":[{"href":"http:\/\/neihb.fr\/wordpress\/wp-json\/wp\/v2\/pages\/102"}],"collection":[{"href":"http:\/\/neihb.fr\/wordpress\/wp-json\/wp\/v2\/pages"}],"about":[{"href":"http:\/\/neihb.fr\/wordpress\/wp-json\/wp\/v2\/types\/page"}],"author":[{"embeddable":true,"href":"http:\/\/neihb.fr\/wordpress\/wp-json\/wp\/v2\/users\/1"}],"replies":[{"embeddable":true,"href":"http:\/\/neihb.fr\/wordpress\/wp-json\/wp\/v2\/comments?post=102"}],"version-history":[{"count":22,"href":"http:\/\/neihb.fr\/wordpress\/wp-json\/wp\/v2\/pages\/102\/revisions"}],"predecessor-version":[{"id":2023,"href":"http:\/\/neihb.fr\/wordpress\/wp-json\/wp\/v2\/pages\/102\/revisions\/2023"}],"wp:attachment":[{"href":"http:\/\/neihb.fr\/wordpress\/wp-json\/wp\/v2\/media?parent=102"}],"curies":[{"name":"wp","href":"https:\/\/api.w.org\/{rel}","templated":true}]}}