{"id":117,"date":"2016-06-08T15:56:46","date_gmt":"2016-06-08T14:56:46","guid":{"rendered":"http:\/\/vps231942.ovh.net\/?page_id=117"},"modified":"2021-03-07T15:03:23","modified_gmt":"2021-03-07T14:03:23","slug":"le-sol","status":"publish","type":"page","link":"http:\/\/neihb.fr\/wordpress\/le-dossier\/la-nature\/le-sol\/","title":{"rendered":"Le sol, r\u00e9servoir de notre alimentation"},"content":{"rendered":"<hr \/>\n<p style=\"text-align: justify;\"><img decoding=\"async\" loading=\"lazy\" class=\"alignleft wp-image-1489\" src=\"http:\/\/neihb.fr\/wp-content\/uploads\/2016\/06\/Sol_r.png\" alt=\"sol_r\" width=\"450\" height=\"307\" srcset=\"http:\/\/neihb.fr\/wp-content\/uploads\/2016\/06\/Sol_r.png 448w, http:\/\/neihb.fr\/wp-content\/uploads\/2016\/06\/Sol_r-300x205.png 300w, http:\/\/neihb.fr\/wp-content\/uploads\/2016\/06\/Sol_r-220x150.png 220w, http:\/\/neihb.fr\/wp-content\/uploads\/2016\/06\/Sol_r-150x102.png 150w\" sizes=\"(max-width: 450px) 100vw, 450px\" \/><\/p>\n<p>L&#8217;\u00e9tude hydrog\u00e9ologique n&#8217;a \u00e9t\u00e9 men\u00e9e qu&#8217;\u00e0 l&#8217;issue de la premi\u00e8re enqu\u00eate publique, suite aux observations du commissaire-enqu\u00eateur, le promoteur estimant jusque-l\u00e0 qu&#8217;il pouvait se dispenser de ce travail et ne s&#8217;int\u00e9resser \u00e0 la nature du sol qu&#8217;une fois les autorisations obtenues !<\/p>\n<p style=\"text-align: justify;\">Cette \u00e9tude, loin d&#8217;\u00eatre mineure puisqu&#8217;elle a impos\u00e9 la tenue d&#8217;une seconde enqu\u00eate publique, trois ans plus tard, mentionne, dans les limites de la zone d&#8217;\u00e9tude, la pr\u00e9sence av\u00e9r\u00e9e de deux failles g\u00e9ologiques et celle, probable, d&#8217;une troisi\u00e8me faille.<\/p>\n<p style=\"text-align: justify;\">Elle indique aussi que l&#8217;eau est pr\u00e9sente dans l&#8217;ar\u00e8ne \u00e0 3m sous les \u00e9oliennes E1 et E2 alors que la profondeur des fondations est de 3,50m, ce qui est attest\u00e9 par cette inscription appos\u00e9e par les entreprises en charge de la pr\u00e9paration du chantier sur un arbre \u00e0 proximit\u00e9 de l&#8217;emplacement de E2.<\/p>\n<p style=\"text-align: center;\">\n<p style=\"text-align: center;\">\n<p style=\"text-align: center;\"><img decoding=\"async\" loading=\"lazy\" class=\"aligncenter wp-image-1981\" src=\"http:\/\/neihb.fr\/wp-content\/uploads\/2021\/03\/Eau-Champ-Bayon_200627-e1615123977345-225x300.jpg\" alt=\"\" width=\"341\" height=\"455\" srcset=\"http:\/\/neihb.fr\/wp-content\/uploads\/2021\/03\/Eau-Champ-Bayon_200627-e1615123977345-225x300.jpg 225w, http:\/\/neihb.fr\/wp-content\/uploads\/2021\/03\/Eau-Champ-Bayon_200627-e1615123977345-768x1024.jpg 768w, http:\/\/neihb.fr\/wp-content\/uploads\/2021\/03\/Eau-Champ-Bayon_200627-e1615123977345-113x150.jpg 113w\" sizes=\"(max-width: 341px) 100vw, 341px\" \/><\/p>\n<p>D&#8217;apr\u00e8s les observations effectu\u00e9es sur le site par un g\u00e9ologue reconnu (M. Rousselle, Espace Pierres Folles \u00e0 Saint Jean des Vignes et G\u00e9opark Beaujolais) [1] :<br \/>\n&#8211; Champ Bayon est essentiellement constitu\u00e9 de granite, riche en feldspath et en mica, travers\u00e9 par plusieurs veines de quartz,<br \/>\n&#8211; le massif, notamment son versant nord, est recouvert d&#8217;une \u00e9paisseur relativement d\u00e9velopp\u00e9e d&#8217;ar\u00e8ne permettant l&#8217;infiltration et le drainage des eaux pluviales,<br \/>\n&#8211; la roche, tr\u00e8s fractur\u00e9e, contribue \u00e9galement au drainage et au stockage provisoire de l&#8217;eau dans le sous-sol.<\/p>\n<p style=\"text-align: justify;\"><strong>C&#8217;est tout le massif, depuis les cr\u00eates et les plateaux du sommet, qui assure la r\u00e9cup\u00e9ration, la conduite et le stockage de l&#8217;eau qui r\u00e9appara\u00eet, via les sources, sous forme de multiples rus qui donnent naissance aux rivi\u00e8res et alimentent les r\u00e9serves d&#8217;eau.<\/strong><\/p>\n<p>Par ailleurs, dans son rapport dat\u00e9 de mars 2014 et int\u00e9gr\u00e9 au dossier de l&#8217;enqu\u00eate publique pour la DUP des captages de Saint Bonnet en 2018, l&#8217;hydrog\u00e9ologue agr\u00e9\u00e9 pr\u00e9cisait que &#8220;dans l&#8217;ensemble du bassin versant, <u>la vuln\u00e9rabilit\u00e9 des terrains et les risques de glissement<\/u> sont de nature \u00e0 affecter les \u00e9coulements. Ils peuvent r\u00e9sulter de travaux (exploitation de la for\u00eat, cr\u00e9ation de nouvelles pistes, implantation de lignes \u00e9lectriques). La plus grande prudence est recommand\u00e9e lors de ces travaux&#8221;.<\/p>\n<p>Enfin, pour supporter ces \u00e9oliennes de 186m en bout de pale, il faut une excavation de 32m de diam\u00e8tre pour loger une fondation de 23m de diam\u00e8tre et de 3,5m de haut. Cela fait 1450m<sup>3<\/sup> soit, peu ou prou, <u>3600 tonnes de b\u00e9ton arm\u00e9 pour chaque machine<\/u>. Ces blocs pourront m\u00eame \u00eatre multipli\u00e9s lorsque ces \u00e9oliennes, jug\u00e9es insuffisamment performantes, seront remplac\u00e9es par des machines plus hautes et plus puissantes n\u00e9cessitant des socles plus imposants. Tout ce b\u00e9ton restera \u00e0 jamais dans le sol de cette belle for\u00eat du Haut-Beaujolais.<\/p>\n<hr \/>\n<p style=\"text-align: justify;\">[1]\u00a0<a href=\"http:\/\/vps293559.ovh.net\/wp-content\/uploads\/2016\/06\/CR-dobservation-g\u00e9ologique.pdf\" target=\"_blank\" rel=\"noopener noreferrer\">Compte rendu d&#8217;observation g\u00e9ologique<\/a><\/p>\n","protected":false},"excerpt":{"rendered":"<p>L&#8217;\u00e9tude hydrog\u00e9ologique n&#8217;a \u00e9t\u00e9 men\u00e9e qu&#8217;\u00e0 l&#8217;issue de la premi\u00e8re enqu\u00eate publique, suite aux observations du commissaire-enqu\u00eateur, le promoteur estimant jusque-l\u00e0 qu&#8217;il pouvait se dispenser de ce travail et ne s&#8217;int\u00e9resser \u00e0 la nature du sol qu&#8217;une fois les autorisations obtenues ! Cette \u00e9tude, loin d&#8217;\u00eatre mineure puisqu&#8217;elle a impos\u00e9\u2026<\/p>\n<p> <a class=\"continue-reading-link\" href=\"http:\/\/neihb.fr\/wordpress\/le-dossier\/la-nature\/le-sol\/\"><span>Continue reading<\/span><i class=\"crycon-right-dir\"><\/i><\/a> <\/p>\n","protected":false},"author":1,"featured_media":0,"parent":461,"menu_order":1,"comment_status":"closed","ping_status":"closed","template":"","meta":[],"_links":{"self":[{"href":"http:\/\/neihb.fr\/wordpress\/wp-json\/wp\/v2\/pages\/117"}],"collection":[{"href":"http:\/\/neihb.fr\/wordpress\/wp-json\/wp\/v2\/pages"}],"about":[{"href":"http:\/\/neihb.fr\/wordpress\/wp-json\/wp\/v2\/types\/page"}],"author":[{"embeddable":true,"href":"http:\/\/neihb.fr\/wordpress\/wp-json\/wp\/v2\/users\/1"}],"replies":[{"embeddable":true,"href":"http:\/\/neihb.fr\/wordpress\/wp-json\/wp\/v2\/comments?post=117"}],"version-history":[{"count":11,"href":"http:\/\/neihb.fr\/wordpress\/wp-json\/wp\/v2\/pages\/117\/revisions"}],"predecessor-version":[{"id":1092,"href":"http:\/\/neihb.fr\/wordpress\/wp-json\/wp\/v2\/pages\/117\/revisions\/1092"}],"up":[{"embeddable":true,"href":"http:\/\/neihb.fr\/wordpress\/wp-json\/wp\/v2\/pages\/461"}],"wp:attachment":[{"href":"http:\/\/neihb.fr\/wordpress\/wp-json\/wp\/v2\/media?parent=117"}],"curies":[{"name":"wp","href":"https:\/\/api.w.org\/{rel}","templated":true}]}}