{"id":122,"date":"2016-06-08T16:06:34","date_gmt":"2016-06-08T15:06:34","guid":{"rendered":"http:\/\/vps231942.ovh.net\/?page_id=122"},"modified":"2021-04-12T20:50:46","modified_gmt":"2021-04-12T19:50:46","slug":"leau","status":"publish","type":"page","link":"http:\/\/neihb.fr\/wordpress\/le-dossier\/la-nature\/leau\/","title":{"rendered":"Une eau si pure qui descend de la montagne"},"content":{"rendered":"<hr \/>\n<p style=\"text-align: justify;\"><img decoding=\"async\" loading=\"lazy\" class=\"wp-image-1491 alignleft\" src=\"http:\/\/neihb.fr\/wp-content\/uploads\/2016\/06\/Eau_r.png\" alt=\"eau_r\" width=\"421\" height=\"289\" srcset=\"http:\/\/neihb.fr\/wp-content\/uploads\/2016\/06\/Eau_r.png 448w, http:\/\/neihb.fr\/wp-content\/uploads\/2016\/06\/Eau_r-300x206.png 300w, http:\/\/neihb.fr\/wp-content\/uploads\/2016\/06\/Eau_r-219x150.png 219w, http:\/\/neihb.fr\/wp-content\/uploads\/2016\/06\/Eau_r-150x103.png 150w\" sizes=\"(max-width: 421px) 100vw, 421px\" \/>L&#8217;implantation du parc \u00e9olien est pr\u00e9vue sur la ligne de partage des eaux, \u00e0 l&#8217;endroit o\u00f9 le Sornin (versant Atlantique, 53 km vers la Loire) et la Grosne (versant M\u00e9diterran\u00e9e, 100 km vers la Sa\u00f4ne\/le Rh\u00f4ne) prennent une partie de leur source \u00a0(<a href=\"http:\/\/neihb.fr\/wp-content\/uploads\/2016\/06\/Champbayon.mp4\">voir la vid\u00e9o<\/a>).<\/p>\n<p style=\"text-align: justify;\">La commune de Saint Bonnet est aliment\u00e9e par\u00a0l&#8217;eau de Champ Bayon.<\/p>\n<p style=\"text-align: justify;\">Les captages sont tout pr\u00e8s des \u00e9oliennes (250 \u00e0 500m pour les plus proches) et les sources en sont encore plus proches (270m pour le Sornin, 145m pour la Grosne) sur des versants avec des pentes \u00e0 35% (carte ci-dessous).<\/p>\n<p style=\"text-align: center;\"><img decoding=\"async\" loading=\"lazy\" class=\"aligncenter wp-image-1972\" src=\"http:\/\/neihb.fr\/wp-content\/uploads\/2021\/02\/Champ-Bayon_carte-situation-eau-150x150.png\" alt=\"\" width=\"500\" height=\"353\" srcset=\"http:\/\/neihb.fr\/wp-content\/uploads\/2021\/02\/Champ-Bayon_carte-situation-eau-300x212.png 300w, http:\/\/neihb.fr\/wp-content\/uploads\/2021\/02\/Champ-Bayon_carte-situation-eau-768x543.png 768w, http:\/\/neihb.fr\/wp-content\/uploads\/2021\/02\/Champ-Bayon_carte-situation-eau-1024x724.png 1024w, http:\/\/neihb.fr\/wp-content\/uploads\/2021\/02\/Champ-Bayon_carte-situation-eau-212x150.png 212w, http:\/\/neihb.fr\/wp-content\/uploads\/2021\/02\/Champ-Bayon_carte-situation-eau-150x106.png 150w\" sizes=\"(max-width: 500px) 100vw, 500px\" \/><\/p>\n<p style=\"text-align: justify;\"><img decoding=\"async\" loading=\"lazy\" class=\"wp-image-1098 aligncenter\" src=\"http:\/\/neihb.fr\/wp-content\/uploads\/2016\/06\/Captages-300x217.png\" alt=\"Captages\" width=\"500\" height=\"362\" srcset=\"http:\/\/neihb.fr\/wp-content\/uploads\/2016\/06\/Captages-300x217.png 300w, http:\/\/neihb.fr\/wp-content\/uploads\/2016\/06\/Captages-207x150.png 207w, http:\/\/neihb.fr\/wp-content\/uploads\/2016\/06\/Captages-150x109.png 150w, http:\/\/neihb.fr\/wp-content\/uploads\/2016\/06\/Captages.png 432w\" sizes=\"(max-width: 500px) 100vw, 500px\" \/><\/p>\n<p style=\"text-align: justify;\">Si, comme l&#8217;indique la CNR (ci-dessus), les \u00e9oliennes sont positionn\u00e9es hors des zones de captage de l&#8217;eau (encore que&#8230;), elles <span style=\"color: #000000;\"><b><u>ne pourront pas<\/u><\/b><\/span>, en revanche, comme elle le\u00a0pr\u00e9tend par ailleurs, se trouver en dehors du bassin d\u2019alimentation des sources\u00a0du Sornin et de la Grosne puisque leur installation est pr\u00e9vue sur la partie sup\u00e9rieure du massif, au-dessus desdites sources. Le positionnement de l&#8217;\u00e9tiquette &#8220;Zone d&#8217;alimentation des sources&#8221; est trompeur.<\/p>\n<p style=\"text-align: justify;\">Le risque de pollution des eaux par le b\u00e9ton et l\u2019huile est bien r\u00e9el : &#8220;en phase d&#8217;exploitation, des \u00e9coulements accidentels de polluants (huiles principalement) pourraient se produire et venir <u>contaminer le sol ou les eaux de surface ou souterraines<\/u> par infiltration&#8221; (\u00c9tude d&#8217;impact p.204). Du fait du relief et des pentes, &#8220;un \u00e9coulement accidentel peut \u00eatre moins facilement ma\u00eetrisable&#8221; (\u00c9tude d&#8217;impact p.35).<\/p>\n<p style=\"text-align: justify;\"><strong>Il y a des risques de d\u00e9tournement (travaux), de modification des caract\u00e9ristiques de l\u2019eau et de pollution par le sol comme cela s&#8217;est d\u00e9j\u00e0 produit dans d&#8217;autres pays d&#8217;Europe [1]. Selon la CNR, elle-m\u00eame, les transformateurs des \u00e9oliennes peuvent contenir jusqu&#8217;\u00e0 1500 litres d&#8217;huile chacun !\u00a0<\/strong><\/p>\n<hr \/>\n<p style=\"text-align: justify;\">[1]\u00a0<a href=\"http:\/\/vps293559.ovh.net\/wp-content\/uploads\/2016\/06\/Pollution-des-eaux-par-les-eoliennes-dEcosse.pdf\" target=\"_blank\" rel=\"noopener noreferrer\">Pollution des eaux par les \u00e9oliennes d&#8217;\u00c9cosse<\/a><\/p>\n","protected":false},"excerpt":{"rendered":"<p>L&#8217;implantation du parc \u00e9olien est pr\u00e9vue sur la ligne de partage des eaux, \u00e0 l&#8217;endroit o\u00f9 le Sornin (versant Atlantique, 53 km vers la Loire) et la Grosne (versant M\u00e9diterran\u00e9e, 100 km vers la Sa\u00f4ne\/le Rh\u00f4ne) prennent une partie de leur source \u00a0(voir la vid\u00e9o). La commune de Saint Bonnet\u2026<\/p>\n<p> <a class=\"continue-reading-link\" href=\"http:\/\/neihb.fr\/wordpress\/le-dossier\/la-nature\/leau\/\"><span>Continue reading<\/span><i class=\"crycon-right-dir\"><\/i><\/a> <\/p>\n","protected":false},"author":1,"featured_media":0,"parent":461,"menu_order":2,"comment_status":"closed","ping_status":"closed","template":"","meta":[],"_links":{"self":[{"href":"http:\/\/neihb.fr\/wordpress\/wp-json\/wp\/v2\/pages\/122"}],"collection":[{"href":"http:\/\/neihb.fr\/wordpress\/wp-json\/wp\/v2\/pages"}],"about":[{"href":"http:\/\/neihb.fr\/wordpress\/wp-json\/wp\/v2\/types\/page"}],"author":[{"embeddable":true,"href":"http:\/\/neihb.fr\/wordpress\/wp-json\/wp\/v2\/users\/1"}],"replies":[{"embeddable":true,"href":"http:\/\/neihb.fr\/wordpress\/wp-json\/wp\/v2\/comments?post=122"}],"version-history":[{"count":31,"href":"http:\/\/neihb.fr\/wordpress\/wp-json\/wp\/v2\/pages\/122\/revisions"}],"predecessor-version":[{"id":2013,"href":"http:\/\/neihb.fr\/wordpress\/wp-json\/wp\/v2\/pages\/122\/revisions\/2013"}],"up":[{"embeddable":true,"href":"http:\/\/neihb.fr\/wordpress\/wp-json\/wp\/v2\/pages\/461"}],"wp:attachment":[{"href":"http:\/\/neihb.fr\/wordpress\/wp-json\/wp\/v2\/media?parent=122"}],"curies":[{"name":"wp","href":"https:\/\/api.w.org\/{rel}","templated":true}]}}