{"id":129,"date":"2016-06-08T16:13:16","date_gmt":"2016-06-08T15:13:16","guid":{"rendered":"http:\/\/vps231942.ovh.net\/?page_id=129"},"modified":"2021-05-16T10:49:50","modified_gmt":"2021-05-16T09:49:50","slug":"le-paysage","status":"publish","type":"page","link":"http:\/\/neihb.fr\/wordpress\/le-dossier\/le-paysage\/","title":{"rendered":"Un site mal choisi, un paysage d\u00e9figur\u00e9"},"content":{"rendered":"<hr \/>\n<p style=\"text-align: justify;\">Saint Bonnet des Bruy\u00e8res et Saint Igny de Vers, deux charmants petits villages du Haut-Beaujolais s\u00e9par\u00e9s par une cr\u00eate bois\u00e9e, blottis dans leur \u00e9cran de verdure entre bocages et for\u00eats, ruisseaux et plans d&#8217;eau.<\/p>\n<p style=\"text-align: justify;\"><img decoding=\"async\" loading=\"lazy\" class=\"aligncenter wp-image-2059\" src=\"http:\/\/neihb.fr\/wp-content\/uploads\/2016\/06\/Les-Brosses-300x225.jpg\" alt=\"\" width=\"500\" height=\"375\" srcset=\"http:\/\/neihb.fr\/wp-content\/uploads\/2016\/06\/Les-Brosses-300x225.jpg 300w, http:\/\/neihb.fr\/wp-content\/uploads\/2016\/06\/Les-Brosses-768x575.jpg 768w, http:\/\/neihb.fr\/wp-content\/uploads\/2016\/06\/Les-Brosses-200x150.jpg 200w, http:\/\/neihb.fr\/wp-content\/uploads\/2016\/06\/Les-Brosses-150x112.jpg 150w, http:\/\/neihb.fr\/wp-content\/uploads\/2016\/06\/Les-Brosses.jpg 965w\" sizes=\"(max-width: 500px) 100vw, 500px\" \/>D&#8217;apr\u00e8s M. Franck Scherrer [1], ancien directeur de l&#8217;Institut d&#8217;urbanisme de Lyon et professeur d&#8217;urbanisme et d&#8217;am\u00e9nagement du territoire \u00e0 l&#8217;universit\u00e9 Lyon 2, actuellement Directeur de l\u2019\u00c9cole d\u2019urbanisme et d\u2019architecture de paysage de Montr\u00e9al :<\/p>\n<ul>\n<li style=\"padding-left: 30px; text-align: justify;\">Le parc \u00e9olien de Champ Bayon est tout sauf une priorit\u00e9, la r\u00e9gion Rh\u00f4ne-Alpes \u00e9tant une des moins int\u00e9ressantes du point de vue du potentiel \u00e9olien,<\/li>\n<li style=\"padding-left: 30px; text-align: justify;\">La sous-r\u00e9gion du Haut-Beaujolais a \u00e9t\u00e9 identifi\u00e9e comme la plus petite des zones pr\u00e9f\u00e9rentielles pour l&#8217;implantation d&#8217;\u00e9oliennes dans le Sch\u00e9ma R\u00e9gional\u00a0\u00c9olien (SRE) de la r\u00e9gion Rh\u00f4ne-Alpes en 2012,<\/li>\n<li style=\"padding-left: 30px; text-align: justify;\">Le projet d&#8217;installer des \u00e9oliennes g\u00e9antes sur la cr\u00eate s\u00e9parant Saint Igny de Vers de Saint Bonnet des Bruy\u00e8res est incompatible avec la principale recommandation paysag\u00e8re du SRE pour ce secteur qui est de tenir compte de la covisibilit\u00e9 avec le Mont Saint Rigaud.<\/li>\n<\/ul>\n<p>Des \u00e9oliennes de 186m install\u00e9es \u00e0 des\u00a0cotes de 712 \u00e0 724 culmineront \u00e0 900m, soit \u00e0 peine 100m au-dessous du Mont Saint Rigaud (1012m) et seront bien visibles depuis ce haut lieu touristique du d\u00e9partement, situ\u00e9 \u00e0 moins de 5 km.<\/p>\n<p>Des \u00e9oliennes de 186m de haut avec des nacelles \u00e0 135m, c&#8217;est le plus mauvais choix au plan du paysage : la girafe hausse le cou au-dessus de la for\u00eat et se fait voir \u00e0 des dizaines de km \u00e0 la ronde (La Clayette, le Mont St Cyr \u2026 et m\u00eame le Mont St Romain \u00e0 30km de l\u00e0).<\/p>\n<p>Les habitants des hameaux les plus proches (550m) subiront un v\u00e9ritable ph\u00e9nom\u00e8ne d&#8217;\u00e9crasement du fait de ces monstres dont le sommet se situera \u00e0 plus de trois cents m\u00e8tres au-dessus de leur t\u00eate.<\/p>\n<p>D&#8217;apr\u00e8s la MRAe, la pr\u00e9servation du paysage fait partie des principaux enjeux environnementaux du projet et, \u00e0 l&#8217;\u00e9chelle des p\u00e9rim\u00e8tres rapproch\u00e9 et imm\u00e9diat, l&#8217;impact qualifi\u00e9 de mod\u00e9r\u00e9 par le promoteur ne para\u00eet pas en ad\u00e9quation avec la perception que l&#8217;on en a depuis les sentiers de randonn\u00e9e et le GR7.<\/p>\n<p style=\"text-align: justify;\">Le GR7, sentier de grande randonn\u00e9e (E-4), qui va du Ballon d&#8217;Alsace \u00e0 Andorre-la-Vieille, emprunt\u00e9 chaque ann\u00e9e par nombre de randonneurs, passe \u00e0 travers le parc \u00e9olien et devra \u00eatre interrompu \u00e0 certaines p\u00e9riodes\u2026 \u00e0 Saint Bonnet des Bruy\u00e8res !<\/p>\n<p><img decoding=\"async\" loading=\"lazy\" class=\" wp-image-862 aligncenter\" src=\"http:\/\/neihb.fr\/wp-content\/uploads\/2016\/06\/Paysage2-300x220.png\" alt=\"Paysage2\" width=\"500\" height=\"367\" srcset=\"http:\/\/neihb.fr\/wp-content\/uploads\/2016\/06\/Paysage2-300x220.png 300w, http:\/\/neihb.fr\/wp-content\/uploads\/2016\/06\/Paysage2-204x150.png 204w, http:\/\/neihb.fr\/wp-content\/uploads\/2016\/06\/Paysage2-150x110.png 150w, http:\/\/neihb.fr\/wp-content\/uploads\/2016\/06\/Paysage2.png 433w\" sizes=\"(max-width: 500px) 100vw, 500px\" \/><\/p>\n<p style=\"text-align: justify;\">\n<p>D\u00e9fendre les am\u00e9nagements n\u00e9cessaires \u00e0 la mise en valeur du mont Saint Rigaud en vue d&#8217;obtenir le label GEOPARK [2] [3] et pr\u00e9voir, dans le m\u00eame temps et sur le m\u00eame secteur, l&#8217;implantation d&#8217;une installation industrielle de cette dimension met en \u00e9vidence l\u2019incoh\u00e9rence de la d\u00e9marche et le manque de vision d&#8217;ensemble.<\/p>\n<p><strong>Quant \u00e0 dire que les \u00e9oliennes de 186m vont s&#8217;int\u00e9grer dans le rideau bois\u00e9 de 35m, il faut oser !<\/strong><\/p>\n<hr \/>\n<p style=\"text-align: justify;\">[1]\u00a0<a href=\"http:\/\/vps293559.ovh.net\/wp-content\/uploads\/2016\/06\/Avis-F.Scherrer.pdf\" target=\"_blank\" rel=\"noopener noreferrer\">Avis sur le projet de parc \u00e9olien de Champ Bayon<br \/>\n<\/a>[2]\u00a0<a href=\"http:\/\/neihb.fr\/wp-content\/uploads\/2016\/08\/Progres_160128_Am\u00e9nagements-St-Rigaud.jpg\" target=\"_blank\" rel=\"noopener noreferrer\">Le Progr\u00e8s-28\/01\/2016-Am\u00e9nagements St Rigaud<br \/>\n[<\/a>3]\u00a0<a href=\"http:\/\/neihb.fr\/wp-content\/uploads\/2016\/08\/Progr\u00e8s_160303_St-Rigaud-G\u00e9opark.pdf\" target=\"_blank\" rel=\"noopener noreferrer\">Le Progr\u00e8s-03\/03\/2016-Rattacher le St Rigaud au G\u00e9opark<\/a><\/p>\n","protected":false},"excerpt":{"rendered":"<p>Saint Bonnet des Bruy\u00e8res et Saint Igny de Vers, deux charmants petits villages du Haut-Beaujolais s\u00e9par\u00e9s par une cr\u00eate bois\u00e9e, blottis dans leur \u00e9cran de verdure entre bocages et for\u00eats, ruisseaux et plans d&#8217;eau. D&#8217;apr\u00e8s M. Franck Scherrer [1], ancien directeur de l&#8217;Institut d&#8217;urbanisme de Lyon et professeur d&#8217;urbanisme et\u2026<\/p>\n<p> <a class=\"continue-reading-link\" href=\"http:\/\/neihb.fr\/wordpress\/le-dossier\/le-paysage\/\"><span>Continue reading<\/span><i class=\"crycon-right-dir\"><\/i><\/a> <\/p>\n","protected":false},"author":1,"featured_media":0,"parent":24,"menu_order":3,"comment_status":"closed","ping_status":"closed","template":"","meta":[],"_links":{"self":[{"href":"http:\/\/neihb.fr\/wordpress\/wp-json\/wp\/v2\/pages\/129"}],"collection":[{"href":"http:\/\/neihb.fr\/wordpress\/wp-json\/wp\/v2\/pages"}],"about":[{"href":"http:\/\/neihb.fr\/wordpress\/wp-json\/wp\/v2\/types\/page"}],"author":[{"embeddable":true,"href":"http:\/\/neihb.fr\/wordpress\/wp-json\/wp\/v2\/users\/1"}],"replies":[{"embeddable":true,"href":"http:\/\/neihb.fr\/wordpress\/wp-json\/wp\/v2\/comments?post=129"}],"version-history":[{"count":20,"href":"http:\/\/neihb.fr\/wordpress\/wp-json\/wp\/v2\/pages\/129\/revisions"}],"predecessor-version":[{"id":2060,"href":"http:\/\/neihb.fr\/wordpress\/wp-json\/wp\/v2\/pages\/129\/revisions\/2060"}],"up":[{"embeddable":true,"href":"http:\/\/neihb.fr\/wordpress\/wp-json\/wp\/v2\/pages\/24"}],"wp:attachment":[{"href":"http:\/\/neihb.fr\/wordpress\/wp-json\/wp\/v2\/media?parent=129"}],"curies":[{"name":"wp","href":"https:\/\/api.w.org\/{rel}","templated":true}]}}