{"id":132,"date":"2016-06-08T16:15:25","date_gmt":"2016-06-08T15:15:25","guid":{"rendered":"http:\/\/vps231942.ovh.net\/?page_id=132"},"modified":"2021-04-12T21:14:44","modified_gmt":"2021-04-12T20:14:44","slug":"la-faune-sauvage","status":"publish","type":"page","link":"http:\/\/neihb.fr\/wordpress\/le-dossier\/les-animaux\/la-faune-sauvage\/","title":{"rendered":"Une grande richesse faunistique"},"content":{"rendered":"<hr \/>\n<p><img decoding=\"async\" loading=\"lazy\" class=\" wp-image-860 alignleft\" src=\"http:\/\/neihb.fr\/wp-content\/uploads\/2016\/06\/Faune-300x270.png\" alt=\"Faune\" width=\"400\" height=\"360\" srcset=\"http:\/\/neihb.fr\/wp-content\/uploads\/2016\/06\/Faune-300x270.png 300w, http:\/\/neihb.fr\/wp-content\/uploads\/2016\/06\/Faune-167x150.png 167w, http:\/\/neihb.fr\/wp-content\/uploads\/2016\/06\/Faune-150x135.png 150w, http:\/\/neihb.fr\/wp-content\/uploads\/2016\/06\/Faune.png 380w\" sizes=\"(max-width: 400px) 100vw, 400px\" \/>Certaines esp\u00e8ces, famili\u00e8res de notre r\u00e9gion, paieront un lourd tribu \u00e0 l&#8217;\u00e9olien. [1]<\/p>\n<p style=\"text-align: justify;\">Les chauves-souris dont le radar est perturb\u00e9 ne sont pas victimes d&#8217;une collision avec les pales d&#8217;\u00e9olienne mais de la d\u00e9pression de l&#8217;air cr\u00e9\u00e9e par la rotation de ces pales qui fait imploser leurs poumons. Des millions d&#8217;entre elles sont tu\u00e9es chaque ann\u00e9e en Europe. En France, les chiffres sont connus mais ne sont pas publi\u00e9s. Quand leur nombre sera devenu insuffisant, accepterons-nous de nous faire d\u00e9vorer par les moustiques ou bien battrons-nous le rappel des insecticides ?<\/p>\n<p style=\"text-align: justify;\">Les rapaces (Milan noir, Autour des palombes, Grand duc d&#8217;Europe, Hibou petit duc, &#8230;) qui voient parfaitement les \u00e9oliennes sont capables de juger du moment opportun pour passer entre les pales mais, \u00e0 14,5 tours\/mn, la pale qu&#8217;ils ont \u00e9vit\u00e9e est suivie d&#8217;une autre pale qui leur arrive dessus \u00e0 280 km\/h (vitesse en bout de pale). Cela fait, l\u00e0 aussi, <strong>des millions<\/strong> de victimes chaque ann\u00e9e,\u00a0[2]<\/p>\n<p style=\"text-align: justify;\">Les oiseaux migrateurs sont tout aussi expos\u00e9s (palombes, grives, grues, oies, alouettes, b\u00e9casses, engoulevents, huppes, pies-gri\u00e8ches, &#8230;) qui empruntent, chaque ann\u00e9e le couloir migratoire, bien connu des chasseurs, qui passe par le Crot au Loup dans le massif de Champ Bayon.\u00a0L&#8217;\u00e9olienne n\u00b02 serait situ\u00e9e sur l&#8217;axe de migration\u2026<\/p>\n<p style=\"text-align: justify;\"><strong>Dans le m\u00eame temps, \u00e0\u00a0Monsols, \u00e0 5 km de l\u00e0, ENESYS (ex-ERDF) a install\u00e9 des dispositifs de protection pour les oiseaux sur les lignes \u00e0 haute tension [3]. Coh\u00e9rence ???<\/strong><\/p>\n<hr \/>\n<p style=\"text-align: justify;\">[1]\u00a0<a href=\"http:\/\/vps293559.ovh.net\/wp-content\/uploads\/2016\/06\/1-Zone-paysagere.pdf\" target=\"_blank\" rel=\"noopener noreferrer\">Zones Naturelles d&#8217;Int\u00e9r\u00eat \u00c9cologique, Faunistique et Floristique<\/a><br \/>\n[2]\u00a0<a href=\"http:\/\/vps293559.ovh.net\/wp-content\/uploads\/2016\/06\/2-Photos-hachoir.pdf\" target=\"_blank\" rel=\"noopener noreferrer\">Photos d&#8217;un hachoir<\/a><br \/>\n[3]\u00a0<a href=\"http:\/\/vps293559.ovh.net\/wp-content\/uploads\/2016\/06\/3-Protection-oiseaux-ERDF.png\" target=\"_blank\" rel=\"noopener noreferrer\">Protection des oiseaux<\/a><\/p>\n<p>&nbsp;<\/p>\n","protected":false},"excerpt":{"rendered":"<p>Certaines esp\u00e8ces, famili\u00e8res de notre r\u00e9gion, paieront un lourd tribu \u00e0 l&#8217;\u00e9olien. [1] Les chauves-souris dont le radar est perturb\u00e9 ne sont pas victimes d&#8217;une collision avec les pales d&#8217;\u00e9olienne mais de la d\u00e9pression de l&#8217;air cr\u00e9\u00e9e par la rotation de ces pales qui fait imploser leurs poumons. Des millions\u2026<\/p>\n<p> <a class=\"continue-reading-link\" href=\"http:\/\/neihb.fr\/wordpress\/le-dossier\/les-animaux\/la-faune-sauvage\/\"><span>Continue reading<\/span><i class=\"crycon-right-dir\"><\/i><\/a> <\/p>\n","protected":false},"author":1,"featured_media":0,"parent":463,"menu_order":1,"comment_status":"closed","ping_status":"closed","template":"","meta":[],"_links":{"self":[{"href":"http:\/\/neihb.fr\/wordpress\/wp-json\/wp\/v2\/pages\/132"}],"collection":[{"href":"http:\/\/neihb.fr\/wordpress\/wp-json\/wp\/v2\/pages"}],"about":[{"href":"http:\/\/neihb.fr\/wordpress\/wp-json\/wp\/v2\/types\/page"}],"author":[{"embeddable":true,"href":"http:\/\/neihb.fr\/wordpress\/wp-json\/wp\/v2\/users\/1"}],"replies":[{"embeddable":true,"href":"http:\/\/neihb.fr\/wordpress\/wp-json\/wp\/v2\/comments?post=132"}],"version-history":[{"count":15,"href":"http:\/\/neihb.fr\/wordpress\/wp-json\/wp\/v2\/pages\/132\/revisions"}],"predecessor-version":[{"id":2017,"href":"http:\/\/neihb.fr\/wordpress\/wp-json\/wp\/v2\/pages\/132\/revisions\/2017"}],"up":[{"embeddable":true,"href":"http:\/\/neihb.fr\/wordpress\/wp-json\/wp\/v2\/pages\/463"}],"wp:attachment":[{"href":"http:\/\/neihb.fr\/wordpress\/wp-json\/wp\/v2\/media?parent=132"}],"curies":[{"name":"wp","href":"https:\/\/api.w.org\/{rel}","templated":true}]}}