{"id":1373,"date":"2016-08-26T19:38:41","date_gmt":"2016-08-26T18:38:41","guid":{"rendered":"http:\/\/neihb.fr\/?page_id=1373"},"modified":"2020-12-15T23:08:13","modified_gmt":"2020-12-15T22:08:13","slug":"page_faire_un_don","status":"publish","type":"page","link":"http:\/\/neihb.fr\/wordpress\/page_faire_un_don\/","title":{"rendered":"Pour faire un don"},"content":{"rendered":"<hr \/>\n<p><strong>Par\u00a0virement<\/strong><\/p>\n<p>IBAN : FR76 1780 6005 0004 1094 7992 107<br \/>\nBIC : \u00a0 \u00a0AGRIFRPP878<\/p>\n<p><strong>Par ch\u00e8que<\/strong><\/p>\n<p>Merci d&#8217;envoyer vos dons \u00e0 l&#8217;adresse suivante :<br \/>\nNEIHB<br \/>\nLe Travers<br \/>\n69790 Saint Bonnet des Bruy\u00e8res<\/p>\n","protected":false},"excerpt":{"rendered":"<p>Par\u00a0virement IBAN : FR76 1780 6005 0004 1094 7992 107 BIC : \u00a0 \u00a0AGRIFRPP878 Par ch\u00e8que Merci d&#8217;envoyer vos dons \u00e0 l&#8217;adresse suivante : NEIHB Le Travers 69790 Saint Bonnet des Bruy\u00e8res<\/p>\n<p> <a class=\"continue-reading-link\" href=\"http:\/\/neihb.fr\/wordpress\/page_faire_un_don\/\"><span>Continue reading<\/span><i class=\"crycon-right-dir\"><\/i><\/a> <\/p>\n","protected":false},"author":1,"featured_media":0,"parent":0,"menu_order":0,"comment_status":"closed","ping_status":"closed","template":"","meta":[],"_links":{"self":[{"href":"http:\/\/neihb.fr\/wordpress\/wp-json\/wp\/v2\/pages\/1373"}],"collection":[{"href":"http:\/\/neihb.fr\/wordpress\/wp-json\/wp\/v2\/pages"}],"about":[{"href":"http:\/\/neihb.fr\/wordpress\/wp-json\/wp\/v2\/types\/page"}],"author":[{"embeddable":true,"href":"http:\/\/neihb.fr\/wordpress\/wp-json\/wp\/v2\/users\/1"}],"replies":[{"embeddable":true,"href":"http:\/\/neihb.fr\/wordpress\/wp-json\/wp\/v2\/comments?post=1373"}],"version-history":[{"count":15,"href":"http:\/\/neihb.fr\/wordpress\/wp-json\/wp\/v2\/pages\/1373\/revisions"}],"predecessor-version":[{"id":1926,"href":"http:\/\/neihb.fr\/wordpress\/wp-json\/wp\/v2\/pages\/1373\/revisions\/1926"}],"wp:attachment":[{"href":"http:\/\/neihb.fr\/wordpress\/wp-json\/wp\/v2\/media?parent=1373"}],"curies":[{"name":"wp","href":"https:\/\/api.w.org\/{rel}","templated":true}]}}