{"id":140,"date":"2016-06-08T16:22:21","date_gmt":"2016-06-08T15:22:21","guid":{"rendered":"http:\/\/vps231942.ovh.net\/?page_id=140"},"modified":"2016-09-16T20:52:21","modified_gmt":"2016-09-16T19:52:21","slug":"les-ondes","status":"publish","type":"page","link":"http:\/\/neihb.fr\/wordpress\/le-dossier\/les-ondes\/","title":{"rendered":"Un faisceau hertzien bien encombrant"},"content":{"rendered":"<hr \/>\n<p style=\"text-align: justify;\">Il est \u00e9tabli que le fonctionnement des \u00e9oliennes est de nature \u00e0 perturber la transmission des ondes radio\u00e9lectriques (cf. rapport de l\u2019Agence Nationale des Fr\u00e9quences \u2013 2002 [1]). Cela veut dire perturber les \u00e9missions de t\u00e9l\u00e9vision\u00a0et\u00a0de t\u00e9l\u00e9phonie ou d&#8217;internet mobile. [2]<\/p>\n<p style=\"text-align: justify;\"><img decoding=\"async\" loading=\"lazy\" class=\"aligncenter wp-image-1482 \" src=\"http:\/\/neihb.fr\/wp-content\/uploads\/2016\/06\/Faisceau1-1.png\" alt=\"faisceau1\" width=\"500\" height=\"436\" srcset=\"http:\/\/neihb.fr\/wp-content\/uploads\/2016\/06\/Faisceau1-1.png 589w, http:\/\/neihb.fr\/wp-content\/uploads\/2016\/06\/Faisceau1-1-300x262.png 300w, http:\/\/neihb.fr\/wp-content\/uploads\/2016\/06\/Faisceau1-1-172x150.png 172w, http:\/\/neihb.fr\/wp-content\/uploads\/2016\/06\/Faisceau1-1-150x131.png 150w\" sizes=\"(max-width: 500px) 100vw, 500px\" \/><\/p>\n<p style=\"text-align: justify;\">\n<p style=\"text-align: justify;\">D\u2019apr\u00e8s la CNR, le probl\u00e8me a \u00e9t\u00e9 trait\u00e9 en supprimant les implantations de Grand Bois\u2026 mais la CNR n\u2019aurait pas vu que Champ Bayon est parfaitement dans l\u2019axe de Grand Bois ?<\/p>\n<p><strong>Le faisceau hertzien passe au beau milieu des \u00e9oliennes de Champ Bayon !<\/strong><\/p>\n<p style=\"text-align: justify;\"><img decoding=\"async\" loading=\"lazy\" class=\"aligncenter wp-image-1483 \" src=\"http:\/\/neihb.fr\/wp-content\/uploads\/2016\/06\/Faisceau3_r.png\" alt=\"faisceau3_r\" width=\"500\" height=\"351\" srcset=\"http:\/\/neihb.fr\/wp-content\/uploads\/2016\/06\/Faisceau3_r.png 448w, http:\/\/neihb.fr\/wp-content\/uploads\/2016\/06\/Faisceau3_r-300x210.png 300w, http:\/\/neihb.fr\/wp-content\/uploads\/2016\/06\/Faisceau3_r-214x150.png 214w, http:\/\/neihb.fr\/wp-content\/uploads\/2016\/06\/Faisceau3_r-150x105.png 150w\" sizes=\"(max-width: 500px) 100vw, 500px\" \/><\/p>\n<p style=\"text-align: justify;\">Par ailleurs, qu\u2019en sera-t-il du fonctionnement des antennes plac\u00e9es sur un m\u00e2t d\u2019une quarantaine de m\u00e8tres de haut situ\u00e9 \u00e0 environ 600m des \u00e9oliennes ?<\/p>\n<p><strong>Esp\u00e9rons que ces antennes ne sont pas utilis\u00e9es par la S\u00e9curit\u00e9 Civile\u2026<\/strong><\/p>\n<hr \/>\n<p>[1]\u00a0<a href=\"http:\/\/vps293559.ovh.net\/wp-content\/uploads\/2016\/06\/1-Parasitage-hertzien.pdf\" target=\"_blank\">Rapport ANF<\/a><br \/>\n[2]\u00a0<a href=\"http:\/\/vps293559.ovh.net\/wp-content\/uploads\/2016\/06\/2-Eoliennes-et-TV.pdf\" target=\"_blank\">\u00c9oliennes et TV<\/a><\/p>\n","protected":false},"excerpt":{"rendered":"<p>Il est \u00e9tabli que le fonctionnement des \u00e9oliennes est de nature \u00e0 perturber la transmission des ondes radio\u00e9lectriques (cf. rapport de l\u2019Agence Nationale des Fr\u00e9quences \u2013 2002 [1]). Cela veut dire perturber les \u00e9missions de t\u00e9l\u00e9vision\u00a0et\u00a0de t\u00e9l\u00e9phonie ou d&#8217;internet mobile. [2] D\u2019apr\u00e8s la CNR, le probl\u00e8me a \u00e9t\u00e9 trait\u00e9 en\u2026<\/p>\n<p> <a class=\"continue-reading-link\" href=\"http:\/\/neihb.fr\/wordpress\/le-dossier\/les-ondes\/\"><span>Continue reading<\/span><i class=\"crycon-right-dir\"><\/i><\/a> <\/p>\n","protected":false},"author":1,"featured_media":0,"parent":24,"menu_order":5,"comment_status":"closed","ping_status":"closed","template":"","meta":[],"_links":{"self":[{"href":"http:\/\/neihb.fr\/wordpress\/wp-json\/wp\/v2\/pages\/140"}],"collection":[{"href":"http:\/\/neihb.fr\/wordpress\/wp-json\/wp\/v2\/pages"}],"about":[{"href":"http:\/\/neihb.fr\/wordpress\/wp-json\/wp\/v2\/types\/page"}],"author":[{"embeddable":true,"href":"http:\/\/neihb.fr\/wordpress\/wp-json\/wp\/v2\/users\/1"}],"replies":[{"embeddable":true,"href":"http:\/\/neihb.fr\/wordpress\/wp-json\/wp\/v2\/comments?post=140"}],"version-history":[{"count":11,"href":"http:\/\/neihb.fr\/wordpress\/wp-json\/wp\/v2\/pages\/140\/revisions"}],"predecessor-version":[{"id":1484,"href":"http:\/\/neihb.fr\/wordpress\/wp-json\/wp\/v2\/pages\/140\/revisions\/1484"}],"up":[{"embeddable":true,"href":"http:\/\/neihb.fr\/wordpress\/wp-json\/wp\/v2\/pages\/24"}],"wp:attachment":[{"href":"http:\/\/neihb.fr\/wordpress\/wp-json\/wp\/v2\/media?parent=140"}],"curies":[{"name":"wp","href":"https:\/\/api.w.org\/{rel}","templated":true}]}}