{"id":146,"date":"2016-06-08T16:27:48","date_gmt":"2016-06-08T15:27:48","guid":{"rendered":"http:\/\/vps231942.ovh.net\/?page_id=146"},"modified":"2016-08-29T22:00:50","modified_gmt":"2016-08-29T21:00:50","slug":"les-ombres-portees","status":"publish","type":"page","link":"http:\/\/neihb.fr\/wordpress\/le-dossier\/la-sante\/les-ombres-portees\/","title":{"rendered":"Une \u00e9clipse trop fr\u00e9quente"},"content":{"rendered":"<hr \/>\n<p style=\"text-align: justify;\">Les habitants qui auront les \u00e9oliennes entre eux et le soleil subiront ce ph\u00e9nom\u00e8ne qui correspond, en gros, \u00e0 une \u00e9clipse partielle du soleil \u00e0 la fr\u00e9quence de passage des pales !<\/p>\n<p style=\"text-align: justify;\"><img decoding=\"async\" loading=\"lazy\" class=\" wp-image-867 aligncenter\" src=\"http:\/\/neihb.fr\/wp-content\/uploads\/2016\/06\/Ombres-300x177.png\" alt=\"Ombres\" width=\"500\" height=\"295\" srcset=\"http:\/\/neihb.fr\/wp-content\/uploads\/2016\/06\/Ombres-300x177.png 300w, http:\/\/neihb.fr\/wp-content\/uploads\/2016\/06\/Ombres-250x147.png 250w, http:\/\/neihb.fr\/wp-content\/uploads\/2016\/06\/Ombres-150x88.png 150w, http:\/\/neihb.fr\/wp-content\/uploads\/2016\/06\/Ombres.png 430w\" sizes=\"(max-width: 500px) 100vw, 500px\" \/><\/p>\n<p>&nbsp;<\/p>\n","protected":false},"excerpt":{"rendered":"<p>Les habitants qui auront les \u00e9oliennes entre eux et le soleil subiront ce ph\u00e9nom\u00e8ne qui correspond, en gros, \u00e0 une \u00e9clipse partielle du soleil \u00e0 la fr\u00e9quence de passage des pales ! &nbsp;<\/p>\n<p> <a class=\"continue-reading-link\" href=\"http:\/\/neihb.fr\/wordpress\/le-dossier\/la-sante\/les-ombres-portees\/\"><span>Continue reading<\/span><i class=\"crycon-right-dir\"><\/i><\/a> <\/p>\n","protected":false},"author":1,"featured_media":0,"parent":465,"menu_order":3,"comment_status":"closed","ping_status":"closed","template":"","meta":[],"_links":{"self":[{"href":"http:\/\/neihb.fr\/wordpress\/wp-json\/wp\/v2\/pages\/146"}],"collection":[{"href":"http:\/\/neihb.fr\/wordpress\/wp-json\/wp\/v2\/pages"}],"about":[{"href":"http:\/\/neihb.fr\/wordpress\/wp-json\/wp\/v2\/types\/page"}],"author":[{"embeddable":true,"href":"http:\/\/neihb.fr\/wordpress\/wp-json\/wp\/v2\/users\/1"}],"replies":[{"embeddable":true,"href":"http:\/\/neihb.fr\/wordpress\/wp-json\/wp\/v2\/comments?post=146"}],"version-history":[{"count":4,"href":"http:\/\/neihb.fr\/wordpress\/wp-json\/wp\/v2\/pages\/146\/revisions"}],"predecessor-version":[{"id":1436,"href":"http:\/\/neihb.fr\/wordpress\/wp-json\/wp\/v2\/pages\/146\/revisions\/1436"}],"up":[{"embeddable":true,"href":"http:\/\/neihb.fr\/wordpress\/wp-json\/wp\/v2\/pages\/465"}],"wp:attachment":[{"href":"http:\/\/neihb.fr\/wordpress\/wp-json\/wp\/v2\/media?parent=146"}],"curies":[{"name":"wp","href":"https:\/\/api.w.org\/{rel}","templated":true}]}}