{"id":1633,"date":"2017-05-20T09:21:16","date_gmt":"2017-05-20T08:21:16","guid":{"rendered":"http:\/\/neihb.fr\/wordpress\/?page_id=1633"},"modified":"2019-05-27T20:54:41","modified_gmt":"2019-05-27T19:54:41","slug":"ils-ont-traite-le-sujet","status":"publish","type":"page","link":"http:\/\/neihb.fr\/wordpress\/ils-ont-traite-le-sujet\/","title":{"rendered":"Ils ont trait\u00e9 le sujet"},"content":{"rendered":"<hr \/>\n<p>Quelques avis autoris\u00e9s<\/p>\n<p><a href=\"http:\/\/neihb.fr\/wp-content\/uploads\/2019\/05\/Acad\u00e9mie-Beaux-Arts_2007.pdf\">Acad\u00e9mie des Beaux Arts &#8211; 2007<\/a><\/p>\n<p><a href=\"http:\/\/neihb.fr\/wp-content\/uploads\/2017\/05\/Acad\u00e9mie-Sciences_170419.pdf\" target=\"_blank\" rel=\"noopener noreferrer\">Acad\u00e9mie des Sciences &#8211; 19\/04\/2017<\/a><\/p>\n<p><a href=\"http:\/\/neihb.fr\/wp-content\/uploads\/2017\/05\/Acad\u00e9mie-M\u00e9decine_170503.pdf\" target=\"_blank\" rel=\"noopener noreferrer\">Acad\u00e9mie Nationale de M\u00e9decine &#8211; 03\/05\/2017<\/a><\/p>\n","protected":false},"excerpt":{"rendered":"<p>Quelques avis autoris\u00e9s Acad\u00e9mie des Beaux Arts &#8211; 2007 Acad\u00e9mie des Sciences &#8211; 19\/04\/2017 Acad\u00e9mie Nationale de M\u00e9decine &#8211; 03\/05\/2017<\/p>\n<p> <a class=\"continue-reading-link\" href=\"http:\/\/neihb.fr\/wordpress\/ils-ont-traite-le-sujet\/\"><span>Continue reading<\/span><i class=\"crycon-right-dir\"><\/i><\/a> <\/p>\n","protected":false},"author":1,"featured_media":0,"parent":0,"menu_order":0,"comment_status":"closed","ping_status":"closed","template":"","meta":[],"_links":{"self":[{"href":"http:\/\/neihb.fr\/wordpress\/wp-json\/wp\/v2\/pages\/1633"}],"collection":[{"href":"http:\/\/neihb.fr\/wordpress\/wp-json\/wp\/v2\/pages"}],"about":[{"href":"http:\/\/neihb.fr\/wordpress\/wp-json\/wp\/v2\/types\/page"}],"author":[{"embeddable":true,"href":"http:\/\/neihb.fr\/wordpress\/wp-json\/wp\/v2\/users\/1"}],"replies":[{"embeddable":true,"href":"http:\/\/neihb.fr\/wordpress\/wp-json\/wp\/v2\/comments?post=1633"}],"version-history":[{"count":5,"href":"http:\/\/neihb.fr\/wordpress\/wp-json\/wp\/v2\/pages\/1633\/revisions"}],"predecessor-version":[{"id":1737,"href":"http:\/\/neihb.fr\/wordpress\/wp-json\/wp\/v2\/pages\/1633\/revisions\/1737"}],"wp:attachment":[{"href":"http:\/\/neihb.fr\/wordpress\/wp-json\/wp\/v2\/media?parent=1633"}],"curies":[{"name":"wp","href":"https:\/\/api.w.org\/{rel}","templated":true}]}}