{"id":170,"date":"2016-06-08T17:03:18","date_gmt":"2016-06-08T16:03:18","guid":{"rendered":"http:\/\/vps231942.ovh.net\/?page_id=170"},"modified":"2021-04-27T21:35:31","modified_gmt":"2021-04-27T20:35:31","slug":"le-demantelement","status":"publish","type":"page","link":"http:\/\/neihb.fr\/wordpress\/les-finances\/le-demantelement\/","title":{"rendered":"Le pi\u00e8ge du d\u00e9mant\u00e8lement"},"content":{"rendered":"<hr \/>\n<p>L\u2019exploitant est, en principe, responsable du d\u00e9mant\u00e8lement mais cela ne veut pas dire qu&#8217;il doit tout enlever. Il ne sera tenu qu&#8217;\u00e0 l&#8217;excavation d\u2019une partie des fondations seulement [1].<\/p>\n<p>Le d\u00e9mant\u00e8lement et le recyclage d\u2019une \u00e9olienne seule, en enlevant la totalit\u00e9 de la partie superficielle du b\u00e9ton arm\u00e9 sur 80 cm, sans les infrastructures est estim\u00e9 \u00e0 210.000 \u20ac TTC \/ MW.<\/p>\n<p>Cette estimation ne prend en compte ni la remise en \u00e9tat d&#8217;origine des parties communes du parc \u00e9olien (aires de parking et grutage, chemins d&#8217;acc\u00e8s et poste(s) de livraison), ni l&#8217;enl\u00e8vement total du socle en b\u00e9ton.\u00a0La remise en \u00e9tat complet du parc pourrait faire doubler la facture.<\/p>\n<p>Pour\u00a0le parc \u00e9olien terrestre\u00a0fran\u00e7ais de 33 gigawatts pr\u00e9vus en 2035, il faudra combler, \u00e0 cette date, un gouffre financier qui\u00a0pourrait d\u00e9passer\u00a08 milliards d\u2019euros, mettant en p\u00e9ril les propri\u00e9taires des terrains et les municipalit\u00e9s qui ont accept\u00e9 ces machines.<\/p>\n<p>Alors, qui va payer le d\u00e9mant\u00e8lement et pour quel gain au final ?<\/p>\n<ul>\n<li>Le propri\u00e9taire ? La Commune ? La Communaut\u00e9 de communes ? Le Conseil D\u00e9partemental ? L\u2019\u00c9tat ?<\/li>\n<\/ul>\n<p>Sans parler des co\u00fbts de s\u00e9curisation des installations \u00e0 l\u00a0\u2019abandon\u2026<\/p>\n<p><img decoding=\"async\" loading=\"lazy\" class=\"aligncenter wp-image-1485 \" src=\"http:\/\/neihb.fr\/wp-content\/uploads\/2016\/06\/Abandon_r.png\" alt=\"abandon_r\" width=\"500\" height=\"334\" srcset=\"http:\/\/neihb.fr\/wp-content\/uploads\/2016\/06\/Abandon_r.png 448w, http:\/\/neihb.fr\/wp-content\/uploads\/2016\/06\/Abandon_r-300x200.png 300w, http:\/\/neihb.fr\/wp-content\/uploads\/2016\/06\/Abandon_r-225x150.png 225w, http:\/\/neihb.fr\/wp-content\/uploads\/2016\/06\/Abandon_r-150x100.png 150w\" sizes=\"(max-width: 500px) 100vw, 500px\" \/><\/p>\n<p>Quant aux d\u00e9chets non recyclables comme les pales compos\u00e9es de r\u00e9sine, de verre et\/ou de carbone, elles finissent tron\u00e7onn\u00e9es et enterr\u00e9es. Elles ne sont pas pr\u00e8s de se d\u00e9composer. D\u00e9cid\u00e9ment, l&#8217;\u00e9olien n&#8217;est pas aussi propre qu&#8217;on veut nous le faire admettre !<\/p>\n<p><img decoding=\"async\" loading=\"lazy\" class=\"aligncenter wp-image-2031\" src=\"http:\/\/neihb.fr\/wp-content\/uploads\/2021\/04\/Cimeti\u00e8re-\u00e9olien-300x168.png\" alt=\"\" width=\"499\" height=\"280\" srcset=\"http:\/\/neihb.fr\/wp-content\/uploads\/2021\/04\/Cimeti\u00e8re-\u00e9olien-300x168.png 300w, http:\/\/neihb.fr\/wp-content\/uploads\/2021\/04\/Cimeti\u00e8re-\u00e9olien-250x140.png 250w, http:\/\/neihb.fr\/wp-content\/uploads\/2021\/04\/Cimeti\u00e8re-\u00e9olien-150x84.png 150w, http:\/\/neihb.fr\/wp-content\/uploads\/2021\/04\/Cimeti\u00e8re-\u00e9olien.png 640w\" sizes=\"(max-width: 499px) 100vw, 499px\" \/><\/p>\n<p style=\"text-align: justify;\"><strong>Aux \u00c9tats-Unis<\/strong> :<\/p>\n<ul style=\"text-align: justify;\">\n<li>Il a fallu 10 ans pour se rendre compte que les \u00e9oliennes n\u2019\u00e9taient pas rentables,<\/li>\n<li>Les financiers et les contribuables US sont des gens pragmatiques : ils ont fait leurs comptes et ont d\u00e9cid\u00e9 de tout arr\u00eater.<\/li>\n<\/ul>\n<p style=\"text-align: justify;\"><strong>Depuis des ann\u00e9es, 14.000 \u00e9oliennes croupissent dans les immenses \u00ab\u00a0wind farms\u00a0\u00bb abandonn\u00e9es \u00e0 tout jamais. [2]<\/strong><\/p>\n<hr \/>\n<p style=\"text-align: justify;\">[1]\u00a0<a href=\"http:\/\/vps293559.ovh.net\/wp-content\/uploads\/2016\/06\/7-Demant\u00e8lement.pdf\" target=\"_blank\" rel=\"noopener noreferrer\">D\u00e9mant\u00e8lement<\/a><br \/>\n[2]\u00a0<a href=\"http:\/\/vps293559.ovh.net\/wp-content\/uploads\/2016\/06\/8-USA_14000-\u00e9oliennes-abandonn\u00e9es.pdf\" target=\"_blank\" rel=\"noopener noreferrer\">USA -14000 \u00e9oliennes abandonn\u00e9es<\/a><\/p>\n<p>&nbsp;<\/p>\n","protected":false},"excerpt":{"rendered":"<p>L\u2019exploitant est, en principe, responsable du d\u00e9mant\u00e8lement mais cela ne veut pas dire qu&#8217;il doit tout enlever. Il ne sera tenu qu&#8217;\u00e0 l&#8217;excavation d\u2019une partie des fondations seulement [1]. Le d\u00e9mant\u00e8lement et le recyclage d\u2019une \u00e9olienne seule, en enlevant la totalit\u00e9 de la partie superficielle du b\u00e9ton arm\u00e9 sur 80\u2026<\/p>\n<p> <a class=\"continue-reading-link\" href=\"http:\/\/neihb.fr\/wordpress\/les-finances\/le-demantelement\/\"><span>Continue reading<\/span><i class=\"crycon-right-dir\"><\/i><\/a> <\/p>\n","protected":false},"author":1,"featured_media":0,"parent":167,"menu_order":3,"comment_status":"closed","ping_status":"closed","template":"","meta":[],"_links":{"self":[{"href":"http:\/\/neihb.fr\/wordpress\/wp-json\/wp\/v2\/pages\/170"}],"collection":[{"href":"http:\/\/neihb.fr\/wordpress\/wp-json\/wp\/v2\/pages"}],"about":[{"href":"http:\/\/neihb.fr\/wordpress\/wp-json\/wp\/v2\/types\/page"}],"author":[{"embeddable":true,"href":"http:\/\/neihb.fr\/wordpress\/wp-json\/wp\/v2\/users\/1"}],"replies":[{"embeddable":true,"href":"http:\/\/neihb.fr\/wordpress\/wp-json\/wp\/v2\/comments?post=170"}],"version-history":[{"count":14,"href":"http:\/\/neihb.fr\/wordpress\/wp-json\/wp\/v2\/pages\/170\/revisions"}],"predecessor-version":[{"id":2044,"href":"http:\/\/neihb.fr\/wordpress\/wp-json\/wp\/v2\/pages\/170\/revisions\/2044"}],"up":[{"embeddable":true,"href":"http:\/\/neihb.fr\/wordpress\/wp-json\/wp\/v2\/pages\/167"}],"wp:attachment":[{"href":"http:\/\/neihb.fr\/wordpress\/wp-json\/wp\/v2\/media?parent=170"}],"curies":[{"name":"wp","href":"https:\/\/api.w.org\/{rel}","templated":true}]}}