{"id":174,"date":"2016-06-08T17:06:17","date_gmt":"2016-06-08T16:06:17","guid":{"rendered":"http:\/\/vps231942.ovh.net\/?page_id=174"},"modified":"2021-06-06T15:51:50","modified_gmt":"2021-06-06T14:51:50","slug":"leconomie-du-projet","status":"publish","type":"page","link":"http:\/\/neihb.fr\/wordpress\/les-finances\/leconomie-du-projet\/","title":{"rendered":"Investissement et rentabilit\u00e9"},"content":{"rendered":"<hr \/>\n<p style=\"text-align: justify;\"><img decoding=\"async\" loading=\"lazy\" class=\" wp-image-835 alignleft\" src=\"http:\/\/neihb.fr\/wp-content\/uploads\/2016\/06\/Euro.jpg\" alt=\"Euro\" width=\"400\" height=\"265\" srcset=\"http:\/\/neihb.fr\/wp-content\/uploads\/2016\/06\/Euro.jpg 276w, http:\/\/neihb.fr\/wp-content\/uploads\/2016\/06\/Euro-226x150.jpg 226w, http:\/\/neihb.fr\/wp-content\/uploads\/2016\/06\/Euro-150x99.jpg 150w\" sizes=\"(max-width: 400px) 100vw, 400px\" \/>La rentabilit\u00e9 d\u2019une \u00e9olienne d\u00e9pend du \u00ab\u00a0gisement \u00e9olien\u00a0\u00bb et elle ne produit rien jusqu\u2019\u00e0 15 km\/h de vent (en dessous, elle tourne pour faire circuler l&#8217;huile\u2026 et consomme de l&#8217;\u00e9lectricit\u00e9 qui est factur\u00e9e \u00e0 l&#8217;exploitant au prix consommateur).<\/p>\n<p style=\"text-align: justify;\">\u00c0 Champ\u00a0Bayon, le gisement \u00e9olien a \u00e9t\u00e9 mesur\u00e9\u00a0par la CNR \u00e0 285 W \/ m\u00b2 d\u2019air brass\u00e9 (7 fois moins que dans le delta du Rh\u00f4ne) soit, pour trois \u00e9oliennes de 3 MW de puissance install\u00e9e dot\u00e9es d&#8217;un rotor de 101 m et un rendement de 20%, un chiffre d\u2019affaires annuel d\u2019\u00e0 peine 1.000.000 \u20ac et ce, gr\u00e2ce \u00e0 un tarif de rachat de 82 \u20ac \/ MW\/h pendant les 10 premi\u00e8res ann\u00e9es puis de 28 \u00e0 82 \u20ac les cinq ann\u00e9es suivantes. [1]<\/p>\n<p style=\"text-align: justify;\">Ce tarif de rachat est\u00a0garanti pour l&#8217;exploitant m\u00eame s&#8217;il n&#8217;y a pas de besoin\u00a0en \u00e9lectricit\u00e9 (temp\u00e9rature cl\u00e9mente, activit\u00e9 r\u00e9duite). Dans ce cas, l&#8217;\u00e9lectricit\u00e9 qui ne peut \u00eatre stock\u00e9e est simplement &#8220;jet\u00e9e&#8221; ou &#8220;donn\u00e9e&#8221; mais le prix de la production de l&#8217;\u00e9nergie \u00e9olienne qui peut \u00eatre jusqu&#8217;\u00e0 10 fois sup\u00e9rieur au prix du march\u00e9, \u00e0 ce moment-l\u00e0, est r\u00e9gl\u00e9 \u00e0 l&#8217;exploitant par EDF, donc par nous. [2]<\/p>\n<p style=\"text-align: justify;\">Le montant de 1.000.000 \u20ac est \u00e0 rapprocher de l\u2019investissement \u00e0 r\u00e9aliser pour ce type d\u2019installation (source CNR) : 13,9 M\u20ac (machines + \u00e9tudes + g\u00e9nie civil + raccordement + provision pour d\u00e9mant\u00e8lement + frais financiers) auxquels il convient d\u2019ajouter les co\u00fbts d\u2019exploitation (0,5 M\u20ac \/ an dont moiti\u00e9 pour la maintenance) et les co\u00fbts r\u00e9els de d\u00e9mant\u00e8lement (400.000 \u20ac par machine moins la provision de 60.000 \u20ac).<\/p>\n<p><strong>Est-ce rentable ?<\/strong><\/p>\n<p>Malgr\u00e9 le tarif de rachat tr\u00e8s avantageux et en prenant des hypoth\u00e8ses tr\u00e8s favorables, cet investissement ne serait pas amorti au bout de 30 ans m\u00eame avec un rotor de 117 m de diam\u00e8tre !<\/p>\n<p><strong>Mais alors, le promoteur peut-il se permettre de perdre de l&#8217;argent pendant 15 ans ? Sinon, d&#8217;o\u00f9 vient l&#8217;argent avec lequel il prosp\u00e8re ?<\/strong><\/p>\n<hr \/>\n<p>[1]\u00a0<a href=\"http:\/\/www.developpement-durable.gouv.fr\/Les-tarifs-d-achat-de-l,12195.html\" target=\"_blank\" rel=\"noopener noreferrer\">Les tarifs d&#8217;achat de l&#8217;\u00e9lectricit\u00e9<\/a><br \/>\n[2]\u00a0<a href=\"http:\/\/vps293559.ovh.net\/wp-content\/uploads\/2016\/06\/2-2-jours-22-millions.pdf\" target=\"_blank\" rel=\"noopener noreferrer\">22 millions en 2 jours<\/a><\/p>\n","protected":false},"excerpt":{"rendered":"<p>La rentabilit\u00e9 d\u2019une \u00e9olienne d\u00e9pend du \u00ab\u00a0gisement \u00e9olien\u00a0\u00bb et elle ne produit rien jusqu\u2019\u00e0 15 km\/h de vent (en dessous, elle tourne pour faire circuler l&#8217;huile\u2026 et consomme de l&#8217;\u00e9lectricit\u00e9 qui est factur\u00e9e \u00e0 l&#8217;exploitant au prix consommateur). \u00c0 Champ\u00a0Bayon, le gisement \u00e9olien a \u00e9t\u00e9 mesur\u00e9\u00a0par la CNR \u00e0 285\u2026<\/p>\n<p> <a class=\"continue-reading-link\" href=\"http:\/\/neihb.fr\/wordpress\/les-finances\/leconomie-du-projet\/\"><span>Continue reading<\/span><i class=\"crycon-right-dir\"><\/i><\/a> <\/p>\n","protected":false},"author":1,"featured_media":0,"parent":167,"menu_order":2,"comment_status":"closed","ping_status":"closed","template":"","meta":[],"_links":{"self":[{"href":"http:\/\/neihb.fr\/wordpress\/wp-json\/wp\/v2\/pages\/174"}],"collection":[{"href":"http:\/\/neihb.fr\/wordpress\/wp-json\/wp\/v2\/pages"}],"about":[{"href":"http:\/\/neihb.fr\/wordpress\/wp-json\/wp\/v2\/types\/page"}],"author":[{"embeddable":true,"href":"http:\/\/neihb.fr\/wordpress\/wp-json\/wp\/v2\/users\/1"}],"replies":[{"embeddable":true,"href":"http:\/\/neihb.fr\/wordpress\/wp-json\/wp\/v2\/comments?post=174"}],"version-history":[{"count":10,"href":"http:\/\/neihb.fr\/wordpress\/wp-json\/wp\/v2\/pages\/174\/revisions"}],"predecessor-version":[{"id":2068,"href":"http:\/\/neihb.fr\/wordpress\/wp-json\/wp\/v2\/pages\/174\/revisions\/2068"}],"up":[{"embeddable":true,"href":"http:\/\/neihb.fr\/wordpress\/wp-json\/wp\/v2\/pages\/167"}],"wp:attachment":[{"href":"http:\/\/neihb.fr\/wordpress\/wp-json\/wp\/v2\/media?parent=174"}],"curies":[{"name":"wp","href":"https:\/\/api.w.org\/{rel}","templated":true}]}}