{"id":176,"date":"2016-06-08T17:07:07","date_gmt":"2016-06-08T16:07:07","guid":{"rendered":"http:\/\/vps231942.ovh.net\/?page_id=176"},"modified":"2021-06-13T22:47:25","modified_gmt":"2021-06-13T21:47:25","slug":"la-cspe","status":"publish","type":"page","link":"http:\/\/neihb.fr\/wordpress\/les-finances\/la-cspe\/","title":{"rendered":"Ce que cela nous co\u00fbte"},"content":{"rendered":"<p><img decoding=\"async\" loading=\"lazy\" class=\"alignleft wp-image-2075\" src=\"http:\/\/neihb.fr\/wp-content\/uploads\/2016\/06\/Tirelire.jpg\" alt=\"\" width=\"350\" height=\"234\" srcset=\"http:\/\/neihb.fr\/wp-content\/uploads\/2016\/06\/Tirelire.jpg 175w, http:\/\/neihb.fr\/wp-content\/uploads\/2016\/06\/Tirelire-150x100.jpg 150w\" sizes=\"(max-width: 350px) 100vw, 350px\" \/><\/p>\n<hr \/>\n<p style=\"text-align: justify;\">Des 3,5 milliards d\u2019euros initiaux de l\u2019EPR de Flamanville, on parlait, en 2016, d&#8217;un co\u00fbt de construction de 10 milliards. On parle aujourd&#8217;hui de 19 milliards.<br \/>\nLa somme para\u00eet astronomique\u00a0!<\/p>\n<p style=\"text-align: justify;\"><strong>MAIS&#8230;<\/strong><\/p>\n<p style=\"text-align: justify;\"><strong>10 milliards d\u2019euros, c\u2019est la somme que nous payons tous,\u00a0en seulement\u00a0<u>une ann\u00e9e<\/u>, sur nos factures d\u2019\u00e9lectricit\u00e9, en &#8220;Contribution au Service Public d\u2018\u00c9lectricit\u00e9&#8221; ou\u00a0CSPE.<\/strong><\/p>\n<p style=\"text-align: justify;\">Cette taxe qui s&#8217;\u00e9l\u00e8ve \u00e0 22,50\u20ac \/ MWh en 2021, et qui a augment\u00e9 de 650% depuis sa cr\u00e9ation en 2002, est assujettie \u00e0 la TVA au taux de 20%. Il y a donc une taxe sur la taxe\u00a0! Ce qui fait qu&#8217;un foyer fran\u00e7ais moyen doit s&#8217;acquitter d&#8217;un montant d&#8217;environ 120\u20ac TTC \/ an en plus de son abonnement et de sa consommation ! [1]<\/p>\n<p style=\"text-align: justify;\"><img decoding=\"async\" loading=\"lazy\" class=\"aligncenter wp-image-1487 \" src=\"http:\/\/neihb.fr\/wp-content\/uploads\/2016\/06\/CSPE_r.png\" alt=\"cspe_r\" width=\"603\" height=\"105\" srcset=\"http:\/\/neihb.fr\/wp-content\/uploads\/2016\/06\/CSPE_r.png 448w, http:\/\/neihb.fr\/wp-content\/uploads\/2016\/06\/CSPE_r-300x52.png 300w, http:\/\/neihb.fr\/wp-content\/uploads\/2016\/06\/CSPE_r-250x44.png 250w, http:\/\/neihb.fr\/wp-content\/uploads\/2016\/06\/CSPE_r-150x26.png 150w\" sizes=\"(max-width: 603px) 100vw, 603px\" \/><\/p>\n<p style=\"text-align: justify;\">Cette contribution \u00e9tait jadis consacr\u00e9e \u00e0 la solidarit\u00e9, solidarit\u00e9 sociale avec ceux qui ne peuvent pas payer leur facture et solidarit\u00e9 g\u00e9ographique avec les territoires o\u00f9 la production d\u2019\u00e9lectricit\u00e9 co\u00fbte beaucoup plus cher (Corse, DOM-TOM, etc.).<\/p>\n<p style=\"text-align: justify;\">En 2003, la CSPE (3,3\u20ac \/ MWh), presque totalement consacr\u00e9e \u00e0 la solidarit\u00e9 a co\u00fbt\u00e9 1,3 milliard d\u2019euros.<\/p>\n<p style=\"text-align: justify;\">En 2021, les charges de service public de l\u2019\u00e9nergie pourraient s\u2019\u00e9lever \u00e0\u00a09,135 milliards d\u2019euros selon les pr\u00e9visions de la CRE (12% de plus que le montant constat\u00e9 de 2019). 62% seraient consacr\u00e9s au soutien de la production\u00a0renouvelable d&#8217;\u00e9lectricit\u00e9 en France m\u00e9tropolitaine avec, en premier lieu, 32% pour le photovolta\u00efque (2,923 Md\u20ac) et 19% pour l&#8217;\u00e9olien (1,735 Md\u20ac).<\/p>\n<p style=\"text-align: justify;\">Malgr\u00e9 cela, le secteur \u00e9olien va tr\u00e8s mal. [2]<\/p>\n<p style=\"text-align: justify;\"><strong>NOTONS AU PASSAGE&#8230;<\/strong><\/p>\n<p style=\"text-align: justify;\">Le co\u00fbt de l\u2019EPR est essentiellement d\u00e9pens\u00e9 en France et alimente des emplois fran\u00e7ais. Les panneaux photovolta\u00efques sont &#8220;made in China&#8221; et les \u00e9oliennes &#8220;made in Germany&#8221;.<\/p>\n<p style=\"text-align: justify;\"><strong>C&#8217;est un comble : notre argent sert \u00e0 financer ce qui va ruiner notre environnement !<\/strong><\/p>\n<hr \/>\n<p style=\"text-align: justify;\">[1]\u00a0<a href=\"http:\/\/vps293559.ovh.net\/wp-content\/uploads\/2016\/06\/6-Taxes-kWh.pdf\" target=\"_blank\" rel=\"noopener noreferrer\">Taxes sur le co\u00fbt du kWh<br \/>\n<\/a>[2]\u00a0<a href=\"http:\/\/neihb.fr\/wp-content\/uploads\/2016\/08\/7-Leffondrement-du-secteur-\u00e9olien-sacc\u00e9l\u00e8re.pdf\" target=\"_blank\" rel=\"noopener noreferrer\">L&#8217;effondrement du secteur \u00e9olien s&#8217;acc\u00e9l\u00e8re<\/a><\/p>\n","protected":false},"excerpt":{"rendered":"<p>Des 3,5 milliards d\u2019euros initiaux de l\u2019EPR de Flamanville, on parlait, en 2016, d&#8217;un co\u00fbt de construction de 10 milliards. On parle aujourd&#8217;hui de 19 milliards. La somme para\u00eet astronomique\u00a0! MAIS&#8230; 10 milliards d\u2019euros, c\u2019est la somme que nous payons tous,\u00a0en seulement\u00a0une ann\u00e9e, sur nos factures d\u2019\u00e9lectricit\u00e9, en &#8220;Contribution au\u2026<\/p>\n<p> <a class=\"continue-reading-link\" href=\"http:\/\/neihb.fr\/wordpress\/les-finances\/la-cspe\/\"><span>Continue reading<\/span><i class=\"crycon-right-dir\"><\/i><\/a> <\/p>\n","protected":false},"author":1,"featured_media":0,"parent":167,"menu_order":4,"comment_status":"closed","ping_status":"closed","template":"","meta":[],"_links":{"self":[{"href":"http:\/\/neihb.fr\/wordpress\/wp-json\/wp\/v2\/pages\/176"}],"collection":[{"href":"http:\/\/neihb.fr\/wordpress\/wp-json\/wp\/v2\/pages"}],"about":[{"href":"http:\/\/neihb.fr\/wordpress\/wp-json\/wp\/v2\/types\/page"}],"author":[{"embeddable":true,"href":"http:\/\/neihb.fr\/wordpress\/wp-json\/wp\/v2\/users\/1"}],"replies":[{"embeddable":true,"href":"http:\/\/neihb.fr\/wordpress\/wp-json\/wp\/v2\/comments?post=176"}],"version-history":[{"count":20,"href":"http:\/\/neihb.fr\/wordpress\/wp-json\/wp\/v2\/pages\/176\/revisions"}],"predecessor-version":[{"id":2077,"href":"http:\/\/neihb.fr\/wordpress\/wp-json\/wp\/v2\/pages\/176\/revisions\/2077"}],"up":[{"embeddable":true,"href":"http:\/\/neihb.fr\/wordpress\/wp-json\/wp\/v2\/pages\/167"}],"wp:attachment":[{"href":"http:\/\/neihb.fr\/wordpress\/wp-json\/wp\/v2\/media?parent=176"}],"curies":[{"name":"wp","href":"https:\/\/api.w.org\/{rel}","templated":true}]}}