{"id":1955,"date":"2021-02-20T17:06:22","date_gmt":"2021-02-20T16:06:22","guid":{"rendered":"http:\/\/neihb.fr\/wordpress\/?page_id=1955"},"modified":"2023-05-10T09:57:00","modified_gmt":"2023-05-10T08:57:00","slug":"mentions-legales","status":"publish","type":"page","link":"http:\/\/neihb.fr\/wordpress\/mentions-legales\/","title":{"rendered":"Mentions l\u00e9gales"},"content":{"rendered":"<p>Mentions l\u00e9gales de l&#8217;association :<\/p>\n<p style=\"padding-left: 30px;\">Non \u00e0 l&#8217;\u00c9olien Industriel en Haut-Beaujolais (NEIHB)<\/p>\n<p style=\"padding-left: 30px;\">35 chemin du Vieux Bourg &#8211; 69790 &#8211; Saint Bonnet des Bruy\u00e8res<\/p>\n<p style=\"padding-left: 30px;\">Mail : neihb69790@gmail.com<\/p>\n<p style=\"padding-left: 30px;\">Directeur de la publication : M. Marc HUQUET<\/p>\n<p>H\u00e9bergeur :<\/p>\n<p style=\"padding-left: 30px;\">OVH<\/p>\n<p style=\"padding-left: 30px;\">2 rue Kellermann &#8211; BP80157 &#8211; 59053 ROUBAIX cedex 1<\/p>\n","protected":false},"excerpt":{"rendered":"<p>Mentions l\u00e9gales de l&#8217;association : Non \u00e0 l&#8217;\u00c9olien Industriel en Haut-Beaujolais (NEIHB) 35 chemin du Vieux Bourg &#8211; 69790 &#8211; Saint Bonnet des Bruy\u00e8res Mail : neihb69790@gmail.com Directeur de la publication : M. Marc HUQUET H\u00e9bergeur : OVH 2 rue Kellermann &#8211; BP80157 &#8211; 59053 ROUBAIX cedex 1<\/p>\n<p> <a class=\"continue-reading-link\" href=\"http:\/\/neihb.fr\/wordpress\/mentions-legales\/\"><span>Continue reading<\/span><i class=\"crycon-right-dir\"><\/i><\/a> <\/p>\n","protected":false},"author":1,"featured_media":0,"parent":0,"menu_order":0,"comment_status":"closed","ping_status":"closed","template":"","meta":[],"_links":{"self":[{"href":"http:\/\/neihb.fr\/wordpress\/wp-json\/wp\/v2\/pages\/1955"}],"collection":[{"href":"http:\/\/neihb.fr\/wordpress\/wp-json\/wp\/v2\/pages"}],"about":[{"href":"http:\/\/neihb.fr\/wordpress\/wp-json\/wp\/v2\/types\/page"}],"author":[{"embeddable":true,"href":"http:\/\/neihb.fr\/wordpress\/wp-json\/wp\/v2\/users\/1"}],"replies":[{"embeddable":true,"href":"http:\/\/neihb.fr\/wordpress\/wp-json\/wp\/v2\/comments?post=1955"}],"version-history":[{"count":2,"href":"http:\/\/neihb.fr\/wordpress\/wp-json\/wp\/v2\/pages\/1955\/revisions"}],"predecessor-version":[{"id":2194,"href":"http:\/\/neihb.fr\/wordpress\/wp-json\/wp\/v2\/pages\/1955\/revisions\/2194"}],"wp:attachment":[{"href":"http:\/\/neihb.fr\/wordpress\/wp-json\/wp\/v2\/media?parent=1955"}],"curies":[{"name":"wp","href":"https:\/\/api.w.org\/{rel}","templated":true}]}}