{"id":2048,"date":"2021-05-02T08:53:13","date_gmt":"2021-05-02T07:53:13","guid":{"rendered":"http:\/\/neihb.fr\/wordpress\/?page_id=2048"},"modified":"2021-05-02T09:11:35","modified_gmt":"2021-05-02T08:11:35","slug":"une-etude-dimpact-amputee","status":"publish","type":"page","link":"http:\/\/neihb.fr\/wordpress\/le-dossier\/une-etude-dimpact-amputee\/","title":{"rendered":"Une \u00e9tude d&#8217;impact amput\u00e9e"},"content":{"rendered":"<p>Conform\u00e9ment \u00e0 l\u2019article R. 122-5 du Code de l\u2019environnement,<strong> l\u2019\u00e9tude d\u2019impact d&#8217;un parc \u00e9olien doit d\u00e9crire le projet dans son ensemble.<\/strong> Les travaux indissociables du projet \u00e9olien car pr\u00e9alables et indispensables \u00e0 sa r\u00e9alisation (terrassements, d\u00e9frichements, etc.) rel\u00e8vent \u00e0 l&#8217;\u00e9vidence de celui-ci. Le raccordement, lui, n&#8217;en fait pas partie. Il y a pourtant beaucoup \u00e0 dire sur ce sujet.<\/p>\n<p>De plus, &#8220;saucissonner&#8221; les travaux concourant \u00e0 un m\u00eame objectif, privant le public d&#8217;une <strong>vue d&#8217;ensemble du projet, <\/strong>est contraire \u00e0 l&#8217;esprit de l&#8217;\u00e9tude d&#8217;impact.<\/p>\n<p>C&#8217;est ainsi que, 8 ans apr\u00e8s le d\u00e9but du projet, nous avons d\u00e9couvert le trac\u00e9 de raccordement vers le poste de Chauffailles dans le m\u00e9moire en r\u00e9ponse de la CNR \u00e0 l\u2019avis de la MRAe. Or, c&#8217;est le poste de La Clayette qui a toujours \u00e9t\u00e9 mentionn\u00e9 dans l&#8217;\u00e9tude d&#8217;impact, sans pour autant qu&#8217;il y ait eu \u00e9tude.<\/p>\n<p>Pour raccorder le parc \u00e9olien au poste de Chauffailles, ce sont 15,5 km de tranch\u00e9es \u00e0 travers bois et champs. Ce ne sont pas moins de 6 travers\u00e9es de ruisseaux ainsi que le passage dans le bourg d&#8217;Anglure et sous le viaduc class\u00e9 de Mussy sous Dun. Ce sont aussi des canalisations coup\u00e9es et des c\u00e2bles \u00e9lectriques qui passeront devant le portail des habitations.<\/p>\n<p><img decoding=\"async\" loading=\"lazy\" class=\"aligncenter wp-image-2049\" src=\"http:\/\/neihb.fr\/wp-content\/uploads\/2021\/05\/Raccordement-300x190.png\" alt=\"\" width=\"400\" height=\"253\" srcset=\"http:\/\/neihb.fr\/wp-content\/uploads\/2021\/05\/Raccordement-300x190.png 300w, http:\/\/neihb.fr\/wp-content\/uploads\/2021\/05\/Raccordement-768x486.png 768w, http:\/\/neihb.fr\/wp-content\/uploads\/2021\/05\/Raccordement-237x150.png 237w, http:\/\/neihb.fr\/wp-content\/uploads\/2021\/05\/Raccordement-150x95.png 150w, http:\/\/neihb.fr\/wp-content\/uploads\/2021\/05\/Raccordement.png 960w\" sizes=\"(max-width: 400px) 100vw, 400px\" \/><\/p>\n<p>Le sujet des champs \u00e9lectromagn\u00e9tiques n&#8217;est jamais abord\u00e9 par ENEDIS. Si les c\u00e2bles de distribution sous 20.000 volts v\u00e9hiculent g\u00e9n\u00e9ralement des puissances modestes, \u00e0 la hauteur de l&#8217;alimentation d&#8217;un quartier (quelques dizaines d&#8217;amp\u00e8res), il en va tout autrement lorsqu&#8217;il s&#8217;agit d&#8217;\u00e9vacuer la puissance d&#8217;un parc de 3 \u00e9oliennes de 3\u00a0MW : lorsque les \u00e9oliennes fonctionneront \u00e0 pleine puissance, le c\u00e2ble supportera 260 amp\u00e8res\u00a0!<\/p>\n<p>Le champ \u00e9lectromagn\u00e9tique \u00e9tant proportionnel \u00e0 l&#8217;intensit\u00e9 v\u00e9hicul\u00e9e, les valeurs de champ magn\u00e9tique sont multipli\u00e9es par 10 par rapport \u00e0 un c\u00e2ble de distribution &#8220;ordinaire&#8221;. Comme ENEDIS n&#8217;est soumis qu&#8217;\u00e0 une simple information de la Pr\u00e9fecture et de la Mairie avant travaux, il ne communique jamais les valeurs de champ au droit des habitations c\u00f4toy\u00e9es par les c\u00e2bles. ENEDIS ignore royalement le probl\u00e8me et pour cause\u2026 cela pourrait lui interdire certains trac\u00e9s trop proches des habitations\u00a0!<\/p>\n<p>Les travaux sur les ouvrages de distribution haute tension ne sont pas sans cons\u00e9quence sur l&#8217;environnement. De leur c\u00f4t\u00e9, des riverains peuvent \u00eatre expos\u00e9s \u00e0 des champs magn\u00e9tiques lors de la travers\u00e9e des bourgs, la stabilit\u00e9 des immeubles peut \u00eatre menac\u00e9e si les fouilles s&#8217;approchent trop pr\u00e8s des fondations, etc.<\/p>\n<p>Au demeurant, la valeur du champ magn\u00e9tique est sans doute relativement faible chez les gens, quelques micro-Teslas (\u03bcT). Quoi qu&#8217;il en soit, on aimerait savoir \u00e0 quel champ on est soumis en fonction de la distance au c\u00e2ble. Si le raccordement \u00e9tait soumis \u00e0 \u00e9tude d&#8217;impact, ENEDIS serait oblig\u00e9 de donner des valeurs.<\/p>\n<p>Tous les experts internationaux s&#8217;accordent pour dire qu&#8217;il y a une augmentation du risque de leuc\u00e9mie chez les enfants expos\u00e9s \u00e0 des champs magn\u00e9tiques r\u00e9sidentiels de plus de <strong>0,4 micro-Tesla<\/strong>. On recommande donc aux autorit\u00e9s en charge de la d\u00e9livrance des permis de construire d\u2019\u00e9viter d\u2019autoriser l\u2019implantation de nouveaux \u00e9tablissements sensibles (h\u00f4pitaux, maternit\u00e9s, \u00e9tablissements accueillant des enfants tels que cr\u00e8ches, maternelles, \u00e9coles primaires, etc.) dans les zones situ\u00e9es \u00e0 proximit\u00e9 d\u2019ouvrages \u00e9lectriques lorsque ces zones sont expos\u00e9es \u00e0 un champ magn\u00e9tique de plus de 0,4 \u03bcT, valeur propos\u00e9e par l\u2019Anses.<\/p>\n<p><strong>On applique le principe de pr\u00e9caution en d\u00e9conseillant l&#8217;implantation d&#8217;\u00e9tablissements recevant des enfants \u00e0 proximit\u00e9 des lignes \u00e9lectriques mais on ne se pr\u00e9occupe pas du tout de l&#8217;installation de c\u00e2bles \u00e9lectriques \u00e0 proximit\u00e9 imm\u00e9diate de ces \u00e9tablissements. Et puis, il y a aussi des enfants dans les habitations\u2026<\/strong><\/p>\n","protected":false},"excerpt":{"rendered":"<p>Conform\u00e9ment \u00e0 l\u2019article R. 122-5 du Code de l\u2019environnement, l\u2019\u00e9tude d\u2019impact d&#8217;un parc \u00e9olien doit d\u00e9crire le projet dans son ensemble. Les travaux indissociables du projet \u00e9olien car pr\u00e9alables et indispensables \u00e0 sa r\u00e9alisation (terrassements, d\u00e9frichements, etc.) rel\u00e8vent \u00e0 l&#8217;\u00e9vidence de celui-ci. Le raccordement, lui, n&#8217;en fait pas partie. Il\u2026<\/p>\n<p> <a class=\"continue-reading-link\" href=\"http:\/\/neihb.fr\/wordpress\/le-dossier\/une-etude-dimpact-amputee\/\"><span>Continue reading<\/span><i class=\"crycon-right-dir\"><\/i><\/a> <\/p>\n","protected":false},"author":1,"featured_media":0,"parent":24,"menu_order":8,"comment_status":"closed","ping_status":"closed","template":"","meta":[],"_links":{"self":[{"href":"http:\/\/neihb.fr\/wordpress\/wp-json\/wp\/v2\/pages\/2048"}],"collection":[{"href":"http:\/\/neihb.fr\/wordpress\/wp-json\/wp\/v2\/pages"}],"about":[{"href":"http:\/\/neihb.fr\/wordpress\/wp-json\/wp\/v2\/types\/page"}],"author":[{"embeddable":true,"href":"http:\/\/neihb.fr\/wordpress\/wp-json\/wp\/v2\/users\/1"}],"replies":[{"embeddable":true,"href":"http:\/\/neihb.fr\/wordpress\/wp-json\/wp\/v2\/comments?post=2048"}],"version-history":[{"count":3,"href":"http:\/\/neihb.fr\/wordpress\/wp-json\/wp\/v2\/pages\/2048\/revisions"}],"predecessor-version":[{"id":2057,"href":"http:\/\/neihb.fr\/wordpress\/wp-json\/wp\/v2\/pages\/2048\/revisions\/2057"}],"up":[{"embeddable":true,"href":"http:\/\/neihb.fr\/wordpress\/wp-json\/wp\/v2\/pages\/24"}],"wp:attachment":[{"href":"http:\/\/neihb.fr\/wordpress\/wp-json\/wp\/v2\/media?parent=2048"}],"curies":[{"name":"wp","href":"https:\/\/api.w.org\/{rel}","templated":true}]}}