{"id":22,"date":"2016-06-04T22:40:52","date_gmt":"2016-06-04T21:40:52","guid":{"rendered":"http:\/\/vps231942.ovh.net\/?page_id=22"},"modified":"2021-02-20T17:09:27","modified_gmt":"2021-02-20T16:09:27","slug":"qui-sommes-nous","status":"publish","type":"page","link":"http:\/\/neihb.fr\/wordpress\/qui-sommes-nous\/","title":{"rendered":"Une association de d\u00e9fense de l&#8217;environnement et des habitants"},"content":{"rendered":"<hr \/>\n<p><img decoding=\"async\" loading=\"lazy\" class=\"alignnone wp-image-866 alignleft\" src=\"http:\/\/neihb.fr\/wp-content\/uploads\/2016\/06\/Logo-2asfd-252x300.png\" alt=\"Logo-2asfd\" width=\"200\" height=\"238\" srcset=\"http:\/\/neihb.fr\/wp-content\/uploads\/2016\/06\/Logo-2asfd-252x300.png 252w, http:\/\/neihb.fr\/wp-content\/uploads\/2016\/06\/Logo-2asfd-768x915.png 768w, http:\/\/neihb.fr\/wp-content\/uploads\/2016\/06\/Logo-2asfd-860x1024.png 860w, http:\/\/neihb.fr\/wp-content\/uploads\/2016\/06\/Logo-2asfd-126x150.png 126w, http:\/\/neihb.fr\/wp-content\/uploads\/2016\/06\/Logo-2asfd.png 1247w\" sizes=\"(max-width: 200px) 100vw, 200px\" \/>L\u2019association Non \u00e0 l&#8217;\u00c9olien Industriel en Haut-Beaujolais (NEIHB) a \u00e9t\u00e9 cr\u00e9\u00e9e officiellement le 17 janvier 2015 pour d\u00e9fendre l&#8217;environnement en prot\u00e9geant les espaces naturels, le patrimoine b\u00e2ti et non b\u00e2ti, la qualit\u00e9 des paysages, des sites et du patrimoine de nos communes, la tranquillit\u00e9, la sant\u00e9 et la s\u00e9curit\u00e9 des habitants et combattre ce que nous consid\u00e9rons \u00eatre un d\u00e9ni de bon sens doubl\u00e9 d&#8217;un d\u00e9ni de d\u00e9mocratie.<\/p>\n<p style=\"text-align: justify;\">Nous repr\u00e9sentons une population tr\u00e8s m\u00e9contente du projet qu\u2019on veut lui imposer et de la fa\u00e7on dont le promoteur et les \u00e9lus locaux ont conduit ce projet en catimini, au plus grand m\u00e9pris des habitants, tant sur le plan de l&#8217;information que de celui des nuisances que cela va leur occasionner, bafouant au passage la Charte de l&#8217;environnement, le Code de l&#8217;environnement et le Grenelle de l&#8217;environnement.<\/p>\n<p style=\"text-align: justify;\">Nous souhaitons mettre \u00e0 la disposition de chacun les \u00e9l\u00e9ments d&#8217;information dont nous disposons afin qu&#8217;il puisse se faire une id\u00e9e juste sur ce dossier et que <strong>personne <\/strong>ne puisse dire, ensuite, qu\u2019il ne savait pas et ne connaissait pas les nuisances et les risques li\u00e9s \u00e0 ce projet.<\/p>\n<p style=\"text-align: justify;\">Si notre dossier vous convainc, vous pouvez nous soutenir en signant notre p\u00e9tition en ligne voire en faisant un don, si petit soit-il (voir la partie droite de l&#8217;\u00e9cran pour l&#8217;un comme pour l&#8217;autre). Avec seulement quelques euros, vous pouvez nous aider \u00e0 financer les d\u00e9marches n\u00e9cessaires au succ\u00e8s de notre cause.<\/p>\n<p style=\"text-align: justify;\">Merci de votre aide.<\/p>\n<p style=\"text-align: justify;\"><a href=\"http:\/\/neihb.fr\/wp-content\/uploads\/2016\/06\/Statuts-NEIHB_V2-sign\u00e9s.pdf\">Statuts NEIHB<\/a><\/p>\n<p style=\"text-align: justify;\"><a href=\"http:\/\/neihb.fr\/wordpress\/mentions-legales\/\" target=\"_blank\" rel=\"noopener noreferrer\">Mentions l\u00e9gales<\/a><\/p>\n","protected":false},"excerpt":{"rendered":"<p>L\u2019association Non \u00e0 l&#8217;\u00c9olien Industriel en Haut-Beaujolais (NEIHB) a \u00e9t\u00e9 cr\u00e9\u00e9e officiellement le 17 janvier 2015 pour d\u00e9fendre l&#8217;environnement en prot\u00e9geant les espaces naturels, le patrimoine b\u00e2ti et non b\u00e2ti, la qualit\u00e9 des paysages, des sites et du patrimoine de nos communes, la tranquillit\u00e9, la sant\u00e9 et la s\u00e9curit\u00e9 des\u2026<\/p>\n<p> <a class=\"continue-reading-link\" href=\"http:\/\/neihb.fr\/wordpress\/qui-sommes-nous\/\"><span>Continue reading<\/span><i class=\"crycon-right-dir\"><\/i><\/a> <\/p>\n","protected":false},"author":1,"featured_media":0,"parent":0,"menu_order":0,"comment_status":"closed","ping_status":"closed","template":"","meta":[],"_links":{"self":[{"href":"http:\/\/neihb.fr\/wordpress\/wp-json\/wp\/v2\/pages\/22"}],"collection":[{"href":"http:\/\/neihb.fr\/wordpress\/wp-json\/wp\/v2\/pages"}],"about":[{"href":"http:\/\/neihb.fr\/wordpress\/wp-json\/wp\/v2\/types\/page"}],"author":[{"embeddable":true,"href":"http:\/\/neihb.fr\/wordpress\/wp-json\/wp\/v2\/users\/1"}],"replies":[{"embeddable":true,"href":"http:\/\/neihb.fr\/wordpress\/wp-json\/wp\/v2\/comments?post=22"}],"version-history":[{"count":15,"href":"http:\/\/neihb.fr\/wordpress\/wp-json\/wp\/v2\/pages\/22\/revisions"}],"predecessor-version":[{"id":1210,"href":"http:\/\/neihb.fr\/wordpress\/wp-json\/wp\/v2\/pages\/22\/revisions\/1210"}],"wp:attachment":[{"href":"http:\/\/neihb.fr\/wordpress\/wp-json\/wp\/v2\/media?parent=22"}],"curies":[{"name":"wp","href":"https:\/\/api.w.org\/{rel}","templated":true}]}}