{"id":283,"date":"2016-06-11T08:49:14","date_gmt":"2016-06-11T07:49:14","guid":{"rendered":"http:\/\/vps231942.ovh.net\/?page_id=283"},"modified":"2016-10-08T18:18:37","modified_gmt":"2016-10-08T17:18:37","slug":"photos","status":"publish","type":"page","link":"http:\/\/neihb.fr\/wordpress\/photos-videos\/photos\/","title":{"rendered":"Nos Photos"},"content":{"rendered":"<hr \/>\n<p style=\"text-align: left;\"><div id=\"metaslider-id-911\" style=\"max-width: 700px;\" class=\"ml-slider-3-29-1 metaslider metaslider-flex metaslider-911 ml-slider\">\n    <div id=\"metaslider_container_911\">\n        <div id=\"metaslider_911\">\n            <ul aria-live=\"polite\" class=\"slides\">\n                <li style=\"display: block; width: 100%;\" class=\"slide-845 ms-image\"><img src=\"http:\/\/neihb.fr\/wp-content\/uploads\/2016\/06\/St-Mamert-700x400.jpg\" height=\"400\" width=\"700\" alt=\"\" class=\"slider-911 slide-845\" \/><div class=\"caption-wrap\"><div class=\"caption\">Conseil D\u00e9partemental d\u00e9centralis\u00e9 - St Mamert- 5\/06\/2015 (photo Chantal Burnot pour le JSL M\u00e2con).<\/div><\/div><\/li>\n                <li style=\"display: none; width: 100%;\" class=\"slide-1514 ms-image\"><img src=\"http:\/\/neihb.fr\/wp-content\/uploads\/2016\/09\/GEOPARK-COL-DE-CRIE_r-444x253.png\" height=\"400\" width=\"700\" alt=\"\" class=\"slider-911 slide-1514\" \/><div class=\"caption-wrap\"><div class=\"caption\">Visite UNESCO G\u00e9opark - Col de Crie - 10\/07\/2015 (photo Association).<\/div><\/div><\/li>\n                <li style=\"display: none; width: 100%;\" class=\"slide-847 ms-image\"><img src=\"http:\/\/neihb.fr\/wp-content\/uploads\/2016\/06\/DSC_0310g-700x400.jpg\" height=\"400\" width=\"700\" alt=\"\" class=\"slider-911 slide-847\" \/><div class=\"caption-wrap\"><div class=\"caption\">Marche \"Champ Bayon au fil de l'eau\" - 17\/10\/2015 (photo Association).<\/div><\/div><\/li>\n                <li style=\"display: none; width: 100%;\" class=\"slide-1631 ms-image\"><img src=\"http:\/\/neihb.fr\/wp-content\/uploads\/2017\/05\/20170325_Besan\u00e7on-700x400.jpg\" height=\"400\" width=\"700\" alt=\"\" class=\"slider-911 slide-1631\" \/><div class=\"caption-wrap\"><div class=\"caption\">Manifestation \u00e0 Besan\u00e7on - 25\/03\/2017 (photo Association).<\/div><\/div><\/li>\n            <\/ul>\n        <\/div>\n        \n    <\/div>\n<\/div><\/p>\n<hr \/>\n<div id=\"metaslider-id-1554\" style=\"max-width: 700px;\" class=\"ml-slider-3-29-1 metaslider metaslider-flex metaslider-1554 ml-slider\">\n    <div id=\"metaslider_container_1554\">\n        <div id=\"metaslider_1554\">\n            <ul aria-live=\"polite\" class=\"slides\">\n                <li style=\"display: block; width: 100%;\" class=\"slide-1553 ms-image\"><img src=\"http:\/\/neihb.fr\/wp-content\/uploads\/2016\/10\/Les-Sots-700x450.jpg\" height=\"450\" width=\"700\" alt=\"\" class=\"slider-1554 slide-1553\" \/><div class=\"caption-wrap\"><div class=\"caption\">Les Sots<\/div><\/div><\/li>\n                <li style=\"display: none; width: 100%;\" class=\"slide-1552 ms-image\"><img src=\"http:\/\/neihb.fr\/wp-content\/uploads\/2016\/10\/Les-Hayes-700x450.jpg\" height=\"450\" width=\"700\" alt=\"\" class=\"slider-1554 slide-1552\" \/><div class=\"caption-wrap\"><div class=\"caption\">Les Hayes<\/div><\/div><\/li>\n                <li style=\"display: none; width: 100%;\" class=\"slide-1551 ms-image\"><img src=\"http:\/\/neihb.fr\/wp-content\/uploads\/2016\/10\/Les-Brosses-700x450.jpg\" height=\"450\" width=\"700\" alt=\"\" class=\"slider-1554 slide-1551\" \/><div class=\"caption-wrap\"><div class=\"caption\">Les Brosses<\/div><\/div><\/li>\n                <li style=\"display: none; width: 100%;\" class=\"slide-1550 ms-image\"><img src=\"http:\/\/neihb.fr\/wp-content\/uploads\/2016\/10\/Le-Sordet-700x450.jpg\" height=\"450\" width=\"700\" alt=\"\" class=\"slider-1554 slide-1550\" \/><div class=\"caption-wrap\"><div class=\"caption\">Le Sordet<\/div><\/div><\/li>\n                <li style=\"display: none; width: 100%;\" class=\"slide-1548 ms-image\"><img src=\"http:\/\/neihb.fr\/wp-content\/uploads\/2016\/10\/Croix-Villemartin-700x450.jpg\" height=\"450\" width=\"700\" alt=\"\" class=\"slider-1554 slide-1548\" \/><div class=\"caption-wrap\"><div class=\"caption\">La Croix de Villemartin<\/div><\/div><\/li>\n                <li style=\"display: none; width: 100%;\" class=\"slide-1547 ms-image\"><img src=\"http:\/\/neihb.fr\/wp-content\/uploads\/2016\/10\/Croix-dAuterre-700x450.jpg\" height=\"450\" width=\"700\" alt=\"\" class=\"slider-1554 slide-1547\" \/><div class=\"caption-wrap\"><div class=\"caption\">La Croix d'Auterre<\/div><\/div><\/li>\n                <li style=\"display: none; width: 100%;\" class=\"slide-1555 ms-image\"><img src=\"http:\/\/neihb.fr\/wp-content\/uploads\/2016\/10\/Le-Plat-700x450.jpg\" height=\"450\" width=\"700\" alt=\"\" class=\"slider-1554 slide-1555\" \/><div class=\"caption-wrap\"><div class=\"caption\">Le Plat<\/div><\/div><\/li>\n            <\/ul>\n        <\/div>\n        \n    <\/div>\n<\/div>\n<hr \/>\n<p>Plus de photos sur notre compte Instragram :<\/p>\n<p><a href=\"https:\/\/www.instagram.com\/neihb69790\/\"><img decoding=\"async\" loading=\"lazy\" class=\"aligncenter wp-image-1253\" src=\"http:\/\/neihb.fr\/wp-content\/uploads\/2016\/08\/08441020-photo-logo-instagram-depuis-mai-2016-150x150.png\" alt=\"08441020-photo-logo-instagram-depuis-mai-2016\" width=\"100\" height=\"100\" \/><\/a><\/p>\n<p>Nota : en vous abonnant \u00e0 notre compte, vous serez automatiquement inform\u00e9s de la parution de nouvelles photos.<\/p>\n<p>Cr\u00e9dits photos : D. Becouze, M. Huquet, JF. Mah\u00e9.<\/p>\n","protected":false},"excerpt":{"rendered":"<p>Plus de photos sur notre compte Instragram : Nota : en vous abonnant \u00e0 notre compte, vous serez automatiquement inform\u00e9s de la parution de nouvelles photos. Cr\u00e9dits photos : D. Becouze, M. Huquet, JF. Mah\u00e9.<\/p>\n<p> <a class=\"continue-reading-link\" href=\"http:\/\/neihb.fr\/wordpress\/photos-videos\/photos\/\"><span>Continue reading<\/span><i class=\"crycon-right-dir\"><\/i><\/a> <\/p>\n","protected":false},"author":1,"featured_media":0,"parent":49,"menu_order":1,"comment_status":"closed","ping_status":"closed","template":"","meta":[],"_links":{"self":[{"href":"http:\/\/neihb.fr\/wordpress\/wp-json\/wp\/v2\/pages\/283"}],"collection":[{"href":"http:\/\/neihb.fr\/wordpress\/wp-json\/wp\/v2\/pages"}],"about":[{"href":"http:\/\/neihb.fr\/wordpress\/wp-json\/wp\/v2\/types\/page"}],"author":[{"embeddable":true,"href":"http:\/\/neihb.fr\/wordpress\/wp-json\/wp\/v2\/users\/1"}],"replies":[{"embeddable":true,"href":"http:\/\/neihb.fr\/wordpress\/wp-json\/wp\/v2\/comments?post=283"}],"version-history":[{"count":29,"href":"http:\/\/neihb.fr\/wordpress\/wp-json\/wp\/v2\/pages\/283\/revisions"}],"predecessor-version":[{"id":1556,"href":"http:\/\/neihb.fr\/wordpress\/wp-json\/wp\/v2\/pages\/283\/revisions\/1556"}],"up":[{"embeddable":true,"href":"http:\/\/neihb.fr\/wordpress\/wp-json\/wp\/v2\/pages\/49"}],"wp:attachment":[{"href":"http:\/\/neihb.fr\/wordpress\/wp-json\/wp\/v2\/media?parent=283"}],"curies":[{"name":"wp","href":"https:\/\/api.w.org\/{rel}","templated":true}]}}