{"id":287,"date":"2016-06-11T08:50:03","date_gmt":"2016-06-11T07:50:03","guid":{"rendered":"http:\/\/vps231942.ovh.net\/?page_id=287"},"modified":"2016-08-29T21:55:52","modified_gmt":"2016-08-29T20:55:52","slug":"videos","status":"publish","type":"page","link":"http:\/\/neihb.fr\/wordpress\/photos-videos\/videos\/","title":{"rendered":"Champ Bayon au fil de l&#8217;eau"},"content":{"rendered":"<hr \/>\n<p>Vid\u00e9o r\u00e9alis\u00e9e par O. Albert<\/p>\n<div style=\"width: 990px;\" class=\"wp-video\"><!--[if lt IE 9]><script>document.createElement('video');<\/script><![endif]-->\n<video class=\"wp-video-shortcode\" id=\"video-287-1\" width=\"990\" height=\"557\" preload=\"metadata\" controls=\"controls\"><source type=\"video\/mp4\" src=\"http:\/\/vps293559.ovh.net\/wp-content\/uploads\/2016\/06\/Champbayon.mp4?_=1\" \/><a href=\"http:\/\/vps293559.ovh.net\/wp-content\/uploads\/2016\/06\/Champbayon.mp4\">http:\/\/vps293559.ovh.net\/wp-content\/uploads\/2016\/06\/Champbayon.mp4<\/a><\/video><\/div>\n","protected":false},"excerpt":{"rendered":"<p>Vid\u00e9o r\u00e9alis\u00e9e par O. Albert<\/p>\n<p> <a class=\"continue-reading-link\" href=\"http:\/\/neihb.fr\/wordpress\/photos-videos\/videos\/\"><span>Continue reading<\/span><i class=\"crycon-right-dir\"><\/i><\/a> <\/p>\n","protected":false},"author":1,"featured_media":0,"parent":49,"menu_order":3,"comment_status":"closed","ping_status":"closed","template":"","meta":[],"_links":{"self":[{"href":"http:\/\/neihb.fr\/wordpress\/wp-json\/wp\/v2\/pages\/287"}],"collection":[{"href":"http:\/\/neihb.fr\/wordpress\/wp-json\/wp\/v2\/pages"}],"about":[{"href":"http:\/\/neihb.fr\/wordpress\/wp-json\/wp\/v2\/types\/page"}],"author":[{"embeddable":true,"href":"http:\/\/neihb.fr\/wordpress\/wp-json\/wp\/v2\/users\/1"}],"replies":[{"embeddable":true,"href":"http:\/\/neihb.fr\/wordpress\/wp-json\/wp\/v2\/comments?post=287"}],"version-history":[{"count":8,"href":"http:\/\/neihb.fr\/wordpress\/wp-json\/wp\/v2\/pages\/287\/revisions"}],"predecessor-version":[{"id":1424,"href":"http:\/\/neihb.fr\/wordpress\/wp-json\/wp\/v2\/pages\/287\/revisions\/1424"}],"up":[{"embeddable":true,"href":"http:\/\/neihb.fr\/wordpress\/wp-json\/wp\/v2\/pages\/49"}],"wp:attachment":[{"href":"http:\/\/neihb.fr\/wordpress\/wp-json\/wp\/v2\/media?parent=287"}],"curies":[{"name":"wp","href":"https:\/\/api.w.org\/{rel}","templated":true}]}}