{"id":67,"date":"2016-06-05T08:14:31","date_gmt":"2016-06-05T07:14:31","guid":{"rendered":"http:\/\/vps231942.ovh.net\/?page_id=67"},"modified":"2023-10-29T12:25:33","modified_gmt":"2023-10-29T11:25:33","slug":"titre-site","status":"publish","type":"page","link":"http:\/\/neihb.fr\/wordpress\/","title":{"rendered":"Bienvenue sur le site de l&#8217;association Non \u00e0 l&#8217;\u00c9olien Industriel en Haut-Beaujolais"},"content":{"rendered":"<hr \/>\n<p>Ce site a \u00e9t\u00e9 cr\u00e9\u00e9 \u00e0 votre intention par les membres de l&#8217;association. Nous esp\u00e9rons que vous y trouverez toutes les r\u00e9ponses aux questions que vous vous posez sur le projet de parc \u00e9olien de Champ Bayon sur les communes de Saint Bonnet des Bruy\u00e8res et Saint Igny de Vers dans le Haut-Beaujolais.<\/p>\n<p>Cons\u00e9quences pour\u00a0l&#8217;environnement, risques sanitaires, d\u00e9gradation du cadre de vie, atteintes \u00e0 la biodiversit\u00e9, d\u00e9valorisation du patrimoine individuel et collectif, pollution, accidents, co\u00fbts financiers, faites-vous votre propre opinion et n&#8217;h\u00e9sitez pas \u00e0 nous adresser un message depuis la page Contactez-nous.<\/p>\n<p>Nous esp\u00e9rons qu\u2019apr\u00e8s avoir pris connaissance\u00a0des informations pr\u00e9sent\u00e9es sur ce\u00a0site,\u00a0vous serez\u00a0convaincu de l\u2019absurdit\u00e9 et de la nocivit\u00e9 de ce projet et que vous d\u00e9ciderez de nous soutenir dans nos actions.<\/p>\n<p>Nous vous en remercions.<\/p>\n<hr \/>\n<h2><em><strong>Articles r\u00e9cents<\/strong><\/em><\/h2>\n<blockquote class=\"wp-embedded-content\" data-secret=\"6SJteecru5\"><p><a href=\"http:\/\/neihb.fr\/wordpress\/2023\/10\/29\/ag-extra\/\">AG Extra<\/a><\/p><\/blockquote>\n<p><iframe class=\"wp-embedded-content\" sandbox=\"allow-scripts\" security=\"restricted\" style=\"position: absolute; clip: rect(1px, 1px, 1px, 1px);\" title=\"\u00ab\u00a0AG Extra\u00a0\u00bb &#8212; Vent de folie sur le Beaujolais vert\" src=\"http:\/\/neihb.fr\/wordpress\/2023\/10\/29\/ag-extra\/embed\/#?secret=l4tsyNEDiU#?secret=6SJteecru5\" data-secret=\"6SJteecru5\" width=\"600\" height=\"338\" frameborder=\"0\" marginwidth=\"0\" marginheight=\"0\" scrolling=\"no\"><\/iframe><\/p>\n<blockquote class=\"wp-embedded-content\" data-secret=\"JYS30uh99F\"><p><a href=\"http:\/\/neihb.fr\/wordpress\/2023\/05\/10\/point-final\/\">Point final<\/a><\/p><\/blockquote>\n<p><iframe class=\"wp-embedded-content\" sandbox=\"allow-scripts\" security=\"restricted\" style=\"position: absolute; clip: rect(1px, 1px, 1px, 1px);\" title=\"\u00ab\u00a0Point final\u00a0\u00bb &#8212; Vent de folie sur le Beaujolais vert\" src=\"http:\/\/neihb.fr\/wordpress\/2023\/05\/10\/point-final\/embed\/#?secret=DfSK6anpTN#?secret=JYS30uh99F\" data-secret=\"JYS30uh99F\" width=\"600\" height=\"338\" frameborder=\"0\" marginwidth=\"0\" marginheight=\"0\" scrolling=\"no\"><\/iframe><\/p>\n<h2><strong><em>Les articles plus anciens sont\u00a0<a href=\"http:\/\/neihb.fr\/wordpress\/ce-que-nous-en-avons-dit\/\">ici<\/a><\/em><\/strong><\/h2>\n<hr \/>\n","protected":false},"excerpt":{"rendered":"<p>Ce site a \u00e9t\u00e9 cr\u00e9\u00e9 \u00e0 votre intention par les membres de l&#8217;association. Nous esp\u00e9rons que vous y trouverez toutes les r\u00e9ponses aux questions que vous vous posez sur le projet de parc \u00e9olien de Champ Bayon sur les communes de Saint Bonnet des Bruy\u00e8res et Saint Igny de Vers\u2026<\/p>\n<p> <a class=\"continue-reading-link\" href=\"http:\/\/neihb.fr\/wordpress\/\"><span>Continue reading<\/span><i class=\"crycon-right-dir\"><\/i><\/a> <\/p>\n","protected":false},"author":1,"featured_media":0,"parent":0,"menu_order":0,"comment_status":"closed","ping_status":"closed","template":"","meta":[],"_links":{"self":[{"href":"http:\/\/neihb.fr\/wordpress\/wp-json\/wp\/v2\/pages\/67"}],"collection":[{"href":"http:\/\/neihb.fr\/wordpress\/wp-json\/wp\/v2\/pages"}],"about":[{"href":"http:\/\/neihb.fr\/wordpress\/wp-json\/wp\/v2\/types\/page"}],"author":[{"embeddable":true,"href":"http:\/\/neihb.fr\/wordpress\/wp-json\/wp\/v2\/users\/1"}],"replies":[{"embeddable":true,"href":"http:\/\/neihb.fr\/wordpress\/wp-json\/wp\/v2\/comments?post=67"}],"version-history":[{"count":84,"href":"http:\/\/neihb.fr\/wordpress\/wp-json\/wp\/v2\/pages\/67\/revisions"}],"predecessor-version":[{"id":2201,"href":"http:\/\/neihb.fr\/wordpress\/wp-json\/wp\/v2\/pages\/67\/revisions\/2201"}],"wp:attachment":[{"href":"http:\/\/neihb.fr\/wordpress\/wp-json\/wp\/v2\/media?parent=67"}],"curies":[{"name":"wp","href":"https:\/\/api.w.org\/{rel}","templated":true}]}}