{"id":96,"date":"2016-06-08T14:14:55","date_gmt":"2016-06-08T13:14:55","guid":{"rendered":"http:\/\/vps231942.ovh.net\/?page_id=96"},"modified":"2021-04-12T21:12:52","modified_gmt":"2021-04-12T20:12:52","slug":"les-infrasons","status":"publish","type":"page","link":"http:\/\/neihb.fr\/wordpress\/le-dossier\/la-sante\/les-infrasons\/","title":{"rendered":"Des vibrations \u00e0 plusieurs kilom\u00e8tres"},"content":{"rendered":"<hr \/>\n<p>Quel que soit leur type, les \u00e9oliennes de 3 MW (ENERCON E101, NORDEX 117, \u2026) font partie des grandes \u00e9oliennes \u00e9mettant des infrasons entre 1 Hz et 0,2 Hz, fr\u00e9quences responsables du mal des transports.<\/p>\n<p style=\"text-align: justify;\">Des \u00e9tudes ont \u00e9t\u00e9 r\u00e9alis\u00e9es au Canada, en Angleterre et en Allemagne montrant que les infrasons pouvaient \u00eatre per\u00e7us jusqu\u2019\u00e0 25 km ! [1]\u00a0Aucune \u00e9tude s\u00e9rieuse n\u2019a \u00e9t\u00e9 lanc\u00e9e en France sur cette question.<\/p>\n<p style=\"text-align: justify;\">Lors de leur 118e congr\u00e8s en\u00a0mai 2015, les m\u00e9decins allemands ont invit\u00e9 le gouvernement f\u00e9d\u00e9ral \u00e0 mettre fin, par la recherche scientifique, au manque de connaissances sur l&#8217;impact qu&#8217;ont sur la sant\u00e9 les infrasons et les basses fr\u00e9quences des \u00e9oliennes. [2]<\/p>\n<p style=\"text-align: justify;\">Vu la distance des \u00e9oliennes, les maisons de Villemartin ou des Hayes sont de bonnes candidates pour proc\u00e9der \u00e0 une campagne de mesure des infrasons \u00e0 l&#8217;int\u00e9rieur des habitations : tr\u00e8s faible distance aux habitations, 3 \u00e9oliennes de 3 MW distantes de 450m les unes des autres et d&#8217;un type dont on est certain qu&#8217;il \u00e9met des infrasons \u00e0 des fr\u00e9quences inf\u00e9rieures \u00e0 0,7 Hz (la nauseogenic zone des publications scientifiques am\u00e9ricaines).<\/p>\n<p style=\"text-align: justify;\"><img decoding=\"async\" loading=\"lazy\" class=\"aligncenter wp-image-1498 \" src=\"http:\/\/neihb.fr\/wp-content\/uploads\/2016\/06\/Infrasons_r.png\" alt=\"infrasons_r\" width=\"500\" height=\"436\" srcset=\"http:\/\/neihb.fr\/wp-content\/uploads\/2016\/06\/Infrasons_r.png 385w, http:\/\/neihb.fr\/wp-content\/uploads\/2016\/06\/Infrasons_r-300x262.png 300w, http:\/\/neihb.fr\/wp-content\/uploads\/2016\/06\/Infrasons_r-172x150.png 172w, http:\/\/neihb.fr\/wp-content\/uploads\/2016\/06\/Infrasons_r-150x131.png 150w\" sizes=\"(max-width: 500px) 100vw, 500px\" \/><\/p>\n<p style=\"text-align: justify;\"><strong>Des sp\u00e9cialistes en acoustique pourront confirmer les \u00e9tudes en cours ou d\u00e9j\u00e0 publi\u00e9es sur le sujet et d\u00e9montrer, par des mesures, que les \u00e9oliennes peuvent provoquer des troubles sur la sant\u00e9 des populations.<\/strong><\/p>\n<hr \/>\n<p style=\"text-align: justify;\">[1]\u00a0<a href=\"http:\/\/www.afm-sicem.fr\/infrasons\/distances-de-securite\" target=\"_blank\" rel=\"noopener noreferrer\">Distances de s\u00e9curit\u00e9<\/a><br \/>\n[2]\u00a0<a href=\"http:\/\/vps293559.ovh.net\/wp-content\/uploads\/2016\/06\/3-Congr\u00e8s-m\u00e9decins-allemands.pdf\" target=\"_blank\" rel=\"noopener noreferrer\">Congr\u00e8s des m\u00e9decins allemands<\/a><br \/>\n[3]\u00a0<a href=\"http:\/\/vps293559.ovh.net\/wp-content\/uploads\/2016\/06\/2-Eoliennes-sons-et-infrasons-marjolaine-villey-migraine.pdf\" target=\"_blank\" rel=\"noopener noreferrer\">\u00c9oliennes &#8211; Sons et infrasons<\/a><\/p>\n","protected":false},"excerpt":{"rendered":"<p>Quel que soit leur type, les \u00e9oliennes de 3 MW (ENERCON E101, NORDEX 117, \u2026) font partie des grandes \u00e9oliennes \u00e9mettant des infrasons entre 1 Hz et 0,2 Hz, fr\u00e9quences responsables du mal des transports. Des \u00e9tudes ont \u00e9t\u00e9 r\u00e9alis\u00e9es au Canada, en Angleterre et en Allemagne montrant que les\u2026<\/p>\n<p> <a class=\"continue-reading-link\" href=\"http:\/\/neihb.fr\/wordpress\/le-dossier\/la-sante\/les-infrasons\/\"><span>Continue reading<\/span><i class=\"crycon-right-dir\"><\/i><\/a> <\/p>\n","protected":false},"author":1,"featured_media":0,"parent":465,"menu_order":2,"comment_status":"closed","ping_status":"closed","template":"","meta":[],"_links":{"self":[{"href":"http:\/\/neihb.fr\/wordpress\/wp-json\/wp\/v2\/pages\/96"}],"collection":[{"href":"http:\/\/neihb.fr\/wordpress\/wp-json\/wp\/v2\/pages"}],"about":[{"href":"http:\/\/neihb.fr\/wordpress\/wp-json\/wp\/v2\/types\/page"}],"author":[{"embeddable":true,"href":"http:\/\/neihb.fr\/wordpress\/wp-json\/wp\/v2\/users\/1"}],"replies":[{"embeddable":true,"href":"http:\/\/neihb.fr\/wordpress\/wp-json\/wp\/v2\/comments?post=96"}],"version-history":[{"count":12,"href":"http:\/\/neihb.fr\/wordpress\/wp-json\/wp\/v2\/pages\/96\/revisions"}],"predecessor-version":[{"id":2016,"href":"http:\/\/neihb.fr\/wordpress\/wp-json\/wp\/v2\/pages\/96\/revisions\/2016"}],"up":[{"embeddable":true,"href":"http:\/\/neihb.fr\/wordpress\/wp-json\/wp\/v2\/pages\/465"}],"wp:attachment":[{"href":"http:\/\/neihb.fr\/wordpress\/wp-json\/wp\/v2\/media?parent=96"}],"curies":[{"name":"wp","href":"https:\/\/api.w.org\/{rel}","templated":true}]}}